{"id":942,"date":"2023-08-14T10:00:00","date_gmt":"2023-08-14T08:00:00","guid":{"rendered":"http:\/\/laventie.fr\/maisondesloisirs\/?page_id=942"},"modified":"2025-08-19T14:53:42","modified_gmt":"2025-08-19T12:53:42","slug":"services-periscolaires-municipaux","status":"publish","type":"page","link":"https:\/\/laventie.fr\/maisondesloisirs\/services-periscolaires-municipaux\/","title":{"rendered":"Services p\u00e9riscolaires municipaux"},"content":{"rendered":"<div class=\"wp-block-image\">\n<figure class=\"aligncenter\"><a href=\"https:\/\/laventie.fr\/maisondesloisirs\/wp-content\/uploads\/2020\/08\/unnamed.jpg\"><img loading=\"lazy\" decoding=\"async\" width=\"300\" height=\"86\" src=\"https:\/\/laventie.fr\/maisondesloisirs\/wp-content\/uploads\/2020\/08\/unnamed-300x86.jpg\" alt=\"\" class=\"wp-image-2896\" srcset=\"https:\/\/laventie.fr\/maisondesloisirs\/wp-content\/uploads\/2020\/08\/unnamed-300x86.jpg 300w, https:\/\/laventie.fr\/maisondesloisirs\/wp-content\/uploads\/2020\/08\/unnamed.jpg 512w\" sizes=\"(max-width: 300px) 100vw, 300px\" \/><\/a><\/figure><\/div>\n\n\n<p><strong><em>Retrouvez ci-dessous les informations concernant la reprise des activit\u00e9s des services p\u00e9riscolaires pour la rentr\u00e9e scolaire 2025\/2026 \u00e0 compter du 1er septembre.<\/em><\/strong><\/p>\n\n\n\n<p><strong>Pour toutes d\u00e9marches concernant les Services P\u00e9riscolaires, vous pouvez joindre le p\u00f4le Jeunesse au 03 21 63 17 40 \u00e0 partir du 26 ao\u00fbt 2025 ou d\u00e8s maintenant par mail, <a href=\"mailto:maisondesloisirs@laventie.fr\" target=\"_blank\" rel=\"noreferrer noopener\">polejeunesse@laventie.fr<\/a><\/strong><\/p>\n\n\n\n<p><strong><u>Horaires&nbsp; \u00e0 partir du 1er septembre 2025<\/u><\/strong><br>Lundi : de 08h30 \u00e0 12h \/ 13h30 \u00e0 18h<\/p>\n\n\n\n<p>Mardi : de 13h30 \u00e0 18h \u2013 accueil t\u00e9l\u00e9phonique de 8h30 \u00e0 11h30<\/p>\n\n\n\n<p>Mercredi : de 8h30 \u00e0 11h30 \/ 14h30-17h<\/p>\n\n\n\n<p>Jeudi : de 13h30 \u00e0 16h30 \u2013 accueil t\u00e9l\u00e9phonique de 8h30 \u00e0 11h30<\/p>\n\n\n\n<p>Vendredi : de 08h30 \u00e0 12h \/ 13h30 \u00e0 16h30.<\/p>\n\n\n\n<p>L\u2019inscription et la r\u00e9servation des diff\u00e9rents services p\u00e9riscolaires propos\u00e9s \u00e0 la cit\u00e9 scolaire Henri Puchois sont obligatoires.<br>Les r\u00e9servations peuvent se faire \u00e0 l\u2019ann\u00e9e ou sur une p\u00e9riode s\u2019\u00e9talant entre 2 vacances scolaires.<br>Les r\u00e9servations se font en ligne par le Portail Famille (jusqu\u2019au jeudi \u00e0 18h30 pour la semaine suivante).<\/p>\n\n\n\n<p><em><strong>Au pr\u00e9alable, vous devez cr\u00e9er ou mettre \u00e0 jour votre profil sur le portail familles. Des d\u00e9marches obligatoires sont \u00e0 compl\u00e9ter (fiche foyer, fiche sanitaire). Lorsque le dossier est complet, les droits sont ouverts. Les inscriptions sont alors possibles.<\/strong><\/em><\/p>\n\n\n\n<p><strong>Veuillez prendre connaissance des documents ci-dessous :<\/strong><\/p>\n\n\n\n<p><a href=\"https:\/\/laventie.fr\/maisondesloisirs\/wp-content\/uploads\/2025\/08\/REGLEMENT-DES-SERVICES-PERISCOLAIRES-1.pdf\">REGLEMENT DES SERVICES PERISCOLAIRES<\/a><\/p>\n\n\n\n<p><strong>Inscriptions<\/strong><\/p>\n\n\n\n<p>L\u2019inscription et la r\u00e9servation des diff\u00e9rents services p\u00e9riscolaires propos\u00e9s \u00e0 la cit\u00e9 scolaire Henri Puchois sont obligatoires. Pr\u00e9cisons toutefois qu\u2019un enfant ne se verra jamais interdire l\u2019acc\u00e8s \u00e0 l\u2019un des services, m\u00eame s\u2019il n\u2019a pas \u00e9t\u00e9 inscrit (seul le tarif exceptionnel sera appliqu\u00e9).<br>Les r\u00e9servations peuvent se faire \u00e0 l\u2019ann\u00e9e ou sur une p\u00e9riode s\u2019\u00e9talant entre 2 vacances scolaires.<br>Nous conseillons vivement aux familles d\u2019effectuer leurs r\u00e9servations en ligne par le Portail Famille (jusqu\u2019au jeudi \u00e0 18h30 pour la semaine suivante).<br>Le Portail Famille vous permet \u00e9galement d\u2019effectuer le paiement en ligne des factures (Paiement s\u00e9curis\u00e9 avec votre carte bleue via la plateforme de t\u00e9l\u00e9paiement TIPI de la Direction G\u00e9n\u00e9rale des Finances Publiques).<\/p>\n\n\n\n<p>Pour r\u00e9gler votre facture sans oublier, souscrivez au pr\u00e9l\u00e8vement automatique, pour cela remplir le formulaire et retournez le nous accompagn\u00e9 d&rsquo;un RIB.<\/p>\n\n\n\n<p><a href=\"https:\/\/laventie.fr\/maisondesloisirs\/wp-content\/uploads\/2025\/08\/mandat-services-peri-25-26.pdf\" target=\"_blank\" rel=\"noreferrer noopener\">Imprimer l&rsquo;autorisation de pr\u00e9l\u00e8vement automatique<\/a><\/p>\n\n\n\n<p>Vous devez remplir une fiche sanitaire de liaison par enfant fr\u00e9quentant les services p\u00e9riscolaires \u00e0 partir du Portail Famille.<\/p>\n\n\n\n<p>Vous souhaitez nous informer d&rsquo;un incident ou d&rsquo;un probl\u00e8me \u00e9tant survenu durant une p\u00e9riode de service p\u00e9riscolaire communal ? Nous vous proposons de remplir la fiche am\u00e9lioration et la retourner par mail polejeunesse@laventie.fr<\/p>\n\n\n\n<p><a href=\"https:\/\/laventie.fr\/maisondesloisirs\/wp-content\/uploads\/2025\/08\/FICHE-AMELIORATION-DES-SERVICES-PERISCOLAIRES.pdf\">FICHE AMELIORATION DES SERVICES PERISCOLAIRES<\/a><\/p>\n\n\n<div class=\"wp-block-image\">\n<figure class=\"aligncenter\"><img decoding=\"async\" src=\"https:\/\/laventie.fr\/wp-content\/uploads\/2016\/03\/separation.png\" alt=\"separation\" class=\"wp-image-1520\"\/><\/figure><\/div>\n\n\n<p><strong>La garderie p\u00e9riscolaire<\/strong><\/p>\n\n\n<div class=\"wp-block-image\">\n<figure class=\"alignright\"><a href=\"https:\/\/laventie.fr\/maisondesloisirs\/wp-content\/uploads\/2020\/08\/logo-periscolaire.jpg\"><img loading=\"lazy\" decoding=\"async\" width=\"300\" height=\"221\" src=\"https:\/\/laventie.fr\/maisondesloisirs\/wp-content\/uploads\/2020\/08\/logo-periscolaire-300x221.jpg\" alt=\"\" class=\"wp-image-2897\" srcset=\"https:\/\/laventie.fr\/maisondesloisirs\/wp-content\/uploads\/2020\/08\/logo-periscolaire-300x221.jpg 300w, https:\/\/laventie.fr\/maisondesloisirs\/wp-content\/uploads\/2020\/08\/logo-periscolaire.jpg 570w\" sizes=\"(max-width: 300px) 100vw, 300px\" \/><\/a><\/figure><\/div>\n\n\n<p>La garderie p\u00e9riscolaire fonctionne les lundi, mardi, jeudi et vendredi le matin de 7h00 \u00e0 8h20\/8h30, et le soir de 16h30 \u00e0 18h30 \u00e0 la Cit\u00e9 scolaire Henri Puchois. Les enfants sont accueillis dans une salle r\u00e9serv\u00e9e \u00e0 cet effet, et, en attendant l\u2019heure de la classe, participent \u00e0 diff\u00e9rentes activit\u00e9s sous l\u2019\u0153il attentif des agents communaux.<\/p>\n\n\n\n<p>L\u2019arriv\u00e9e des enfants peut se faire de mani\u00e8re \u00e9chelonn\u00e9e, la facturation s\u2019effectue \u00e0 la demi-heure pr\u00e8s.<\/p>\n\n\n\n<p>Pour contacter la responsable de la garderie p\u00e9riscolaire V\u00e9ronique LECERF : <a href=\"mailto:veroniquelecerf@ville-laventie.fr\">veronique.lecerf@laventie.fr<\/a><\/p>\n\n\n<div class=\"wp-block-image\">\n<figure class=\"aligncenter\"><img decoding=\"async\" src=\"https:\/\/laventie.fr\/wp-content\/uploads\/2016\/03\/separation.png\" alt=\"separation\" class=\"wp-image-1520\"\/><\/figure><\/div>\n\n\n<p><strong>La pause m\u00e9ridienne<\/strong><\/p>\n\n\n<div class=\"wp-block-image\">\n<figure class=\"alignright\"><a href=\"https:\/\/laventie.fr\/maisondesloisirs\/wp-content\/uploads\/2018\/08\/logo_P.M_6.png\"><img loading=\"lazy\" decoding=\"async\" width=\"300\" height=\"300\" src=\"https:\/\/laventie.fr\/maisondesloisirs\/wp-content\/uploads\/2018\/08\/logo_P.M_6-300x300.png\" alt=\"logo_P.M_6\" class=\"wp-image-2231\" srcset=\"https:\/\/laventie.fr\/maisondesloisirs\/wp-content\/uploads\/2018\/08\/logo_P.M_6-300x300.png 300w, https:\/\/laventie.fr\/maisondesloisirs\/wp-content\/uploads\/2018\/08\/logo_P.M_6-150x150.png 150w, https:\/\/laventie.fr\/maisondesloisirs\/wp-content\/uploads\/2018\/08\/logo_P.M_6.png 600w\" sizes=\"(max-width: 300px) 100vw, 300px\" \/><\/a><\/figure><\/div>\n\n\n<p>Le temps du midi encadr\u00e9 par le personnel communal entre 11h30 et 13h30 est appel\u00e9 \u00ab pause m\u00e9ridienne \u00bb. Il comprend 2 phases bien distinctes : le repas et le temps libre qui suit.<\/p>\n\n\n\n<p>De plus en plus, la volont\u00e9 de la municipalit\u00e9 est de faire de ce moment charni\u00e8re dans une journ\u00e9e un temps d\u2019\u00e9ducation \u00e0 part enti\u00e8re, que ce soit au niveau du repas que de l\u2019apr\u00e8s-repas.<\/p>\n\n\n\n<p>Il s\u2019agit d\u2019un temps \u00e9ducatif compl\u00e9mentaire de celui de l\u2019\u00e9cole. Il consiste en la mise en place d\u2019activit\u00e9s encadr\u00e9es par nos agents. Les enfants inscrits au restaurant scolaire sont dirig\u00e9s automatiquement vers ces ateliers ludiques, culturels, sportifs et socio-\u00e9ducatifs. Il n\u2019y a pas de co\u00fbt suppl\u00e9mentaire imput\u00e9 aux familles.<\/p>\n\n\n\n<p>Le Projet p\u00e9dagogique de l\u2019Accueil de Loisirs p\u00e9riscolaire est en cours de r\u00e9alisation.<\/p>\n\n\n<div class=\"wp-block-image\">\n<figure class=\"aligncenter\"><img decoding=\"async\" src=\"https:\/\/laventie.fr\/wp-content\/uploads\/2016\/03\/separation.png\" alt=\"separation\" class=\"wp-image-1520\"\/><\/figure><\/div>\n\n\n<p><strong>Le restaurant scolaire<\/strong><\/p>\n\n\n<div class=\"wp-block-image\">\n<figure class=\"alignright\"><a href=\"https:\/\/laventie.fr\/maisondesloisirs\/wp-content\/uploads\/2020\/08\/20171013_151004.jpg\"><img loading=\"lazy\" decoding=\"async\" width=\"300\" height=\"192\" src=\"https:\/\/laventie.fr\/maisondesloisirs\/wp-content\/uploads\/2020\/08\/20171013_151004-300x192.jpg\" alt=\"\" class=\"wp-image-2891\" srcset=\"https:\/\/laventie.fr\/maisondesloisirs\/wp-content\/uploads\/2020\/08\/20171013_151004-300x192.jpg 300w, https:\/\/laventie.fr\/maisondesloisirs\/wp-content\/uploads\/2020\/08\/20171013_151004-1024x655.jpg 1024w, https:\/\/laventie.fr\/maisondesloisirs\/wp-content\/uploads\/2020\/08\/20171013_151004-768x491.jpg 768w, https:\/\/laventie.fr\/maisondesloisirs\/wp-content\/uploads\/2020\/08\/20171013_151004-1536x982.jpg 1536w, https:\/\/laventie.fr\/maisondesloisirs\/wp-content\/uploads\/2020\/08\/20171013_151004.jpg 1600w\" sizes=\"(max-width: 300px) 100vw, 300px\" \/><\/a><\/figure><\/div>\n\n\n<p>Les repas sont fabriqu\u00e9s par la soci\u00e9t\u00e9 Lys Restauration qui livre chaque matin en liaison froide la cuisine de la cit\u00e9 scolaire.<\/p>\n\n\n\n<p>Ils sont agr\u00e9ment\u00e9s et r\u00e9chauff\u00e9s par Antoine et St\u00e9phanie.<\/p>\n\n\n\n<p>La s\u00e9curit\u00e9 alimentaire est une pr\u00e9occupation de tous les instants pour le prestataire de service comme pour le personnel communal.<\/p>\n\n\n\n<p>C\u2019est une cuisine familiale, les produits frais et bruts sont privil\u00e9gi\u00e9s pour la r\u00e9alisation de menus \u00e9quilibr\u00e9s et vari\u00e9s \u00e9tablis en collaboration avec une di\u00e9t\u00e9ticienne.<br>Les enfants scolaris\u00e9s en maternelle et primaires prennent leur repas en deux services, dans une ambiance plus calme.<\/p>\n\n\n\n<p>Le r\u00e8glement int\u00e9rieur des services p\u00e9riscolaires municipaux doit \u00eatre respect\u00e9 par tous. Vous pouvez le consulter en cliquant ici.<\/p>\n\n\n\n<p><a href=\"https:\/\/laventie.fr\/maisondesloisirs\/wp-content\/uploads\/2025\/08\/Rappel-des-regles-de-vie-et-sanctions-.pdf\">RAPPEL DES REGLES DE VIE ET SANCTIONS<\/a><\/p>\n\n\n\n<p><a href=\"https:\/\/laventie.fr\/maisondesloisirs\/wp-content\/uploads\/2024\/05\/MENU-MAI-JUIN-2024_rotated.pdf\">MENUS<\/a><\/p>\n\n\n\n<p>Pour contacter la responsable de la restauration scolaire :<\/p>\n\n\n\n<p>Ecrire \u00e0 Christelle QUEVAL <a href=\"mailto:christellequeval@ville-laventie.fr\">christelle.queval@laventie.fr<\/a><\/p>\n\n\n<div class=\"wp-block-image\">\n<figure class=\"aligncenter\"><img decoding=\"async\" src=\"https:\/\/laventie.fr\/wp-content\/uploads\/2016\/03\/separation.png\" alt=\"separation\" class=\"wp-image-1520\"\/><\/figure><\/div>\n\n\n<p><strong>\u00ab\u00a0Un temps d&rsquo;aide aux devoirs\u00a0\u00bb<\/strong><\/p>\n\n\n<div class=\"wp-block-image\">\n<figure class=\"alignright\"><a href=\"https:\/\/laventie.fr\/maisondesloisirs\/wp-content\/uploads\/2020\/08\/offer_169752_picture_199498.jpg\"><img loading=\"lazy\" decoding=\"async\" width=\"300\" height=\"300\" src=\"https:\/\/laventie.fr\/maisondesloisirs\/wp-content\/uploads\/2020\/08\/offer_169752_picture_199498.jpg\" alt=\"\" class=\"wp-image-2895\" srcset=\"https:\/\/laventie.fr\/maisondesloisirs\/wp-content\/uploads\/2020\/08\/offer_169752_picture_199498.jpg 300w, https:\/\/laventie.fr\/maisondesloisirs\/wp-content\/uploads\/2020\/08\/offer_169752_picture_199498-150x150.jpg 150w\" sizes=\"(max-width: 300px) 100vw, 300px\" \/><\/a><\/figure><\/div>\n\n\n<p>Un \u00ab temps d\u2019aide aux devoirs \u00bb de 16h30 \u00e0 17h30 o\u00f9 :<\/p>\n\n\n\n<p><strong><u>Les enfants ne pourront \u00eatre repris qu\u2019\u00e0 17h30<\/u><\/strong> (pas de sortie \u00e9chelonn\u00e9e).<\/p>\n\n\n\n<p>Ce temps permettra d\u2019optimiser la concentration des enfants pour les devoirs. A partir de 17h30, il vous sera possible de r\u00e9cup\u00e9rer les enfants de mani\u00e8re \u00e9chelonn\u00e9e, selon vos besoins (comme un service de garderie classique). Au-del\u00e0 de 17h30, les enfants qui n\u2019auront pas termin\u00e9 leurs devoirs pourront continuer ou pas selon votre choix.<\/p>\n\n\n\n<p>Pour inscrire votre enfant au service choisi, il vous suffit de passer par le portail famille comme vous en avez l\u2019habitude. 2 propositions seront affich\u00e9es \u00ab garderie du soir \u00e9l\u00e9mentaire \u00bb ou \u00ab aide aux devoirs \u00bb. A vous de choisir !<\/p>\n\n\n\n<p>Vous pouvez par exemple choisir le Lundi, Jeudi : \u00ab AIDE AUX DEVOIRS \u00bb et le Mardi, Vendredi : \u00ab GARDERIE DU SOIR ELEMENTAIRE \u00bb<\/p>\n\n\n\n<p>Tous les jours apr\u00e8s la classe, les enfants du CP au CM2 sont pris en charge par le personnel communal pour une \u00e9tude scolaire de 16h30 jusqu\u2019\u00e0 18h30 maximum. Le d\u00e9part des enfants peut s\u2019effectuer de mani\u00e8re \u00e9chelonn\u00e9e \u00e0 partir de 17h30.<\/p>\n\n\n\n<p>Les enfants font leurs devoirs, r\u00e9visent leurs le\u00e7ons pour le lendemain, s\u2019avancent pour les jours suivants. Le personnel communal s\u2019assure que les exercices sont faits (et bien faits !)<\/p>\n\n\n\n<p>\u00c9crire \u00e0 V\u00e9ronique LECERF : <a href=\"mailto:veronique.lecerf@laventie.fr\">veronique.lecerf@laventie.fr<\/a><\/p>\n\n\n\n<p>LES TARIFS sont calcul\u00e9s \u00e0 la 1\/2 hr d\u00e8s l&rsquo;ouverture des services. 7h-7h30 7h30-8h 8h-8h30 &#8211; 16h30-17h &#8211; 17h-17h30-17h30-18h-18h30.<\/p>\n\n\n\n<p>Toute demi-heure entam\u00e9e est d\u00fbe.<\/p>\n\n\n\n<p>au 1er septembre 2025<\/p>\n\n\n<div class=\"wp-block-image\">\n<figure class=\"aligncenter\"><a href=\"https:\/\/laventie.fr\/maisondesloisirs\/wp-content\/uploads\/2021\/08\/tarifs-services-p\u00e9ri.png\"><img loading=\"lazy\" decoding=\"async\" width=\"1024\" height=\"592\" src=\"https:\/\/laventie.fr\/maisondesloisirs\/wp-content\/uploads\/2021\/08\/tarifs-services-p\u00e9ri-1024x592.png\" alt=\"\" class=\"wp-image-3226\" srcset=\"https:\/\/laventie.fr\/maisondesloisirs\/wp-content\/uploads\/2021\/08\/tarifs-services-p\u00e9ri-1024x592.png 1024w, https:\/\/laventie.fr\/maisondesloisirs\/wp-content\/uploads\/2021\/08\/tarifs-services-p\u00e9ri-300x173.png 300w, https:\/\/laventie.fr\/maisondesloisirs\/wp-content\/uploads\/2021\/08\/tarifs-services-p\u00e9ri-768x444.png 768w, https:\/\/laventie.fr\/maisondesloisirs\/wp-content\/uploads\/2021\/08\/tarifs-services-p\u00e9ri.png 1273w\" sizes=\"(max-width: 1024px) 100vw, 1024px\" \/><\/a><\/figure><\/div>\n\n\n<figure class=\"wp-block-image size-full\"><img loading=\"lazy\" decoding=\"async\" width=\"912\" height=\"613\" src=\"https:\/\/laventie.fr\/maisondesloisirs\/wp-content\/uploads\/2025\/08\/date-prelevements.jpg\" alt=\"\" class=\"wp-image-4788\" srcset=\"https:\/\/laventie.fr\/maisondesloisirs\/wp-content\/uploads\/2025\/08\/date-prelevements.jpg 912w, https:\/\/laventie.fr\/maisondesloisirs\/wp-content\/uploads\/2025\/08\/date-prelevements-300x202.jpg 300w, https:\/\/laventie.fr\/maisondesloisirs\/wp-content\/uploads\/2025\/08\/date-prelevements-768x516.jpg 768w\" sizes=\"(max-width: 912px) 100vw, 912px\" \/><\/figure>\n\n\n\n<p><a href=\"https:\/\/laventie.fr\/maisondesloisirs\/wp-content\/uploads\/2025\/08\/mandat-services-peri-25-26.pdf\">Mandat-services-p\u00e9riscolaires<\/a><\/p>\n\n\n\n<p><a href=\"https:\/\/laventie.fr\/maisondesloisirs\/wp-content\/uploads\/2023\/08\/Mandat-SEPA-activit\u00e9s-de-la-MdL.pdf\">Mandat- activit\u00e9s mdl<\/a><\/p>\n\n\n<div class=\"wp-block-image\">\n<figure class=\"aligncenter\"><img decoding=\"async\" src=\"https:\/\/laventie.fr\/wp-content\/uploads\/2016\/03\/separation.png\" alt=\"separation\" class=\"wp-image-1520\"\/><\/figure><\/div>\n\n\n<p><strong>Le service minimum d\u2019accueil<\/strong><\/p>\n\n\n<div class=\"wp-block-image\">\n<figure class=\"alignright\"><a href=\"https:\/\/laventie.fr\/maisondesloisirs\/wp-content\/uploads\/2018\/08\/serviceminimumdaccueil.jpg\"><img loading=\"lazy\" decoding=\"async\" width=\"200\" height=\"144\" src=\"https:\/\/laventie.fr\/maisondesloisirs\/wp-content\/uploads\/2018\/08\/serviceminimumdaccueil.jpg\" alt=\"serviceminimumd'accueil\" class=\"wp-image-2232\"\/><\/a><\/figure><\/div>\n\n\n<p>Le service minimum d\u2019accueil est pr\u00e9vu par le l\u00e9gislateur pour les enfants des \u00e9coles publiques en cas de gr\u00e8ve du personnel enseignant (s\u2019il y a plus de 25% de gr\u00e9vistes au sein de l&rsquo;\u00e9cole).<\/p>\n\n\n\n<p>Ce cas de figure est pr\u00e9vu par la ville de Laventie qui met en place syst\u00e9matiquement ce service gratuit dans les locaux de la Cit\u00e9 scolaire Henri Puchois. Des animatrices dipl\u00f4m\u00e9es, exp\u00e9riment\u00e9s et comp\u00e9tentes mettent alors en place des activit\u00e9s vari\u00e9es aux horaires d\u2019\u00e9cole habituels. Une information est transmise aux familles, le coupon-r\u00e9ponse confirmant ou non la pr\u00e9sence de l&rsquo;enfant doit \u00eatre rendu au plus tard la veille avant midi.<\/p>\n\n\n\n<p>Pour des questions sur la mise en place du service minimum d\u2019accueil :<\/p>\n\n\n\n<p>\u00c9crire \u00e0 V\u00e9ronique LECERF : <a href=\"mailto:veronique.lecerf@laventie.fr\">veronique.lecerf@laventie.fr<\/a><\/p>\n\n\n<div class=\"wp-block-image\">\n<figure class=\"aligncenter\"><img decoding=\"async\" src=\"https:\/\/laventie.fr\/wp-content\/uploads\/2016\/03\/separation.png\" alt=\"separation\" class=\"wp-image-1520\"\/><\/figure><\/div>\n\n\n<p><strong>Mise \u00e0 disposition des ATSEM<\/strong><\/p>\n\n\n\n<p>La municipalit\u00e9, soucieuse d\u2019offrir aux enfants et \u00e0 leurs enseignants les meilleures conditions de travail d\u00e8s le plus jeune \u00e2ge, met \u00e0 disposition de l\u2019Ecole maternelle Henri Puchois des agents municipaux, les ATSEM (agents territoriaux sp\u00e9cialis\u00e9s d&rsquo;\u00e9cole maternelle).<\/p>\n\n\n\n<p>Ceux-ci assistent dans chaque classe le professeur des \u00e9coles pour la r\u00e9ception, l&rsquo;animation et l&rsquo;hygi\u00e8ne des tr\u00e8s jeunes enfants. Ils pr\u00e9parent et mettent en \u00e9tat de propret\u00e9 les locaux et le mat\u00e9riel servant directement \u00e0 ces enfants. Ils participent \u00e9galement activement \u00e0 la communaut\u00e9 \u00e9ducative.<\/p>\n\n\n\n<p><\/p>\n","protected":false},"excerpt":{"rendered":"<p>Retrouvez ci-dessous les informations concernant la reprise des activit\u00e9s des services p\u00e9riscolaires pour la rentr\u00e9e scolaire 2025\/2026 \u00e0 compter du 1er septembre. Pour toutes d\u00e9marches concernant les Services P\u00e9riscolaires, vous pouvez joindre le p\u00f4le Jeunesse au 03 21 63 17 40 \u00e0 partir du 26 ao\u00fbt 2025 ou d\u00e8s maintenant par mail, polejeunesse@laventie.fr Horaires&nbsp; \u00e0 [&hellip;]<\/p>\n","protected":false},"author":1,"featured_media":0,"parent":0,"menu_order":0,"comment_status":"closed","ping_status":"closed","template":"","meta":{"footnotes":"","_mc_calendar":[]},"yoast_head":"<!-- This site is optimized with the Yoast SEO plugin v14.9 - https:\/\/yoast.com\/wordpress\/plugins\/seo\/ -->\n<title>Services p\u00e9riscolaires municipaux - P\u00f4le jeunesse<\/title>\n<meta name=\"robots\" content=\"index, follow, max-snippet:-1, max-image-preview:large, max-video-preview:-1\" \/>\n<link rel=\"canonical\" href=\"https:\/\/laventie.fr\/maisondesloisirs\/services-periscolaires-municipaux\/\" \/>\n<meta property=\"og:locale\" content=\"fr_FR\" \/>\n<meta property=\"og:type\" content=\"article\" \/>\n<meta property=\"og:title\" content=\"Services p\u00e9riscolaires municipaux - P\u00f4le jeunesse\" \/>\n<meta property=\"og:description\" content=\"Retrouvez ci-dessous les informations concernant la reprise des activit\u00e9s des services p\u00e9riscolaires pour la rentr\u00e9e scolaire 2025\/2026 \u00e0 compter du 1er septembre. Pour toutes d\u00e9marches concernant les Services P\u00e9riscolaires, vous pouvez joindre le p\u00f4le Jeunesse au 03 21 63 17 40 \u00e0 partir du 26 ao\u00fbt 2025 ou d\u00e8s maintenant par mail, polejeunesse@laventie.fr Horaires&nbsp; \u00e0 [&hellip;]\" \/>\n<meta property=\"og:url\" content=\"https:\/\/laventie.fr\/maisondesloisirs\/services-periscolaires-municipaux\/\" \/>\n<meta property=\"og:site_name\" content=\"P\u00f4le jeunesse\" \/>\n<meta property=\"article:modified_time\" content=\"2025-08-19T12:53:42+00:00\" \/>\n<meta property=\"og:image\" content=\"https:\/\/laventie.fr\/maisondesloisirs\/wp-content\/uploads\/2020\/08\/unnamed-300x86.jpg\" \/>\n<meta name=\"twitter:card\" content=\"summary_large_image\" \/>\n<script type=\"application\/ld+json\" class=\"yoast-schema-graph\">{\"@context\":\"https:\/\/schema.org\",\"@graph\":[{\"@type\":\"WebSite\",\"@id\":\"https:\/\/laventie.fr\/maisondesloisirs\/#website\",\"url\":\"https:\/\/laventie.fr\/maisondesloisirs\/\",\"name\":\"P\\u00f4le jeunesse\",\"description\":\"\",\"potentialAction\":[{\"@type\":\"SearchAction\",\"target\":\"https:\/\/laventie.fr\/maisondesloisirs\/?s={search_term_string}\",\"query-input\":\"required name=search_term_string\"}],\"inLanguage\":\"fr-FR\"},{\"@type\":\"ImageObject\",\"@id\":\"https:\/\/laventie.fr\/maisondesloisirs\/services-periscolaires-municipaux\/#primaryimage\",\"inLanguage\":\"fr-FR\",\"url\":\"https:\/\/laventie.fr\/maisondesloisirs\/wp-content\/uploads\/2020\/08\/unnamed.jpg\",\"width\":512,\"height\":147},{\"@type\":\"WebPage\",\"@id\":\"https:\/\/laventie.fr\/maisondesloisirs\/services-periscolaires-municipaux\/#webpage\",\"url\":\"https:\/\/laventie.fr\/maisondesloisirs\/services-periscolaires-municipaux\/\",\"name\":\"Services p\\u00e9riscolaires municipaux - P\\u00f4le jeunesse\",\"isPartOf\":{\"@id\":\"https:\/\/laventie.fr\/maisondesloisirs\/#website\"},\"primaryImageOfPage\":{\"@id\":\"https:\/\/laventie.fr\/maisondesloisirs\/services-periscolaires-municipaux\/#primaryimage\"},\"datePublished\":\"2023-08-14T08:00:00+00:00\",\"dateModified\":\"2025-08-19T12:53:42+00:00\",\"inLanguage\":\"fr-FR\",\"potentialAction\":[{\"@type\":\"ReadAction\",\"target\":[\"https:\/\/laventie.fr\/maisondesloisirs\/services-periscolaires-municipaux\/\"]}]}]}<\/script>\n<!-- \/ Yoast SEO plugin. -->","_links":{"self":[{"href":"https:\/\/laventie.fr\/maisondesloisirs\/wp-json\/wp\/v2\/pages\/942"}],"collection":[{"href":"https:\/\/laventie.fr\/maisondesloisirs\/wp-json\/wp\/v2\/pages"}],"about":[{"href":"https:\/\/laventie.fr\/maisondesloisirs\/wp-json\/wp\/v2\/types\/page"}],"author":[{"embeddable":true,"href":"https:\/\/laventie.fr\/maisondesloisirs\/wp-json\/wp\/v2\/users\/1"}],"replies":[{"embeddable":true,"href":"https:\/\/laventie.fr\/maisondesloisirs\/wp-json\/wp\/v2\/comments?post=942"}],"version-history":[{"count":107,"href":"https:\/\/laventie.fr\/maisondesloisirs\/wp-json\/wp\/v2\/pages\/942\/revisions"}],"predecessor-version":[{"id":4793,"href":"https:\/\/laventie.fr\/maisondesloisirs\/wp-json\/wp\/v2\/pages\/942\/revisions\/4793"}],"wp:attachment":[{"href":"https:\/\/laventie.fr\/maisondesloisirs\/wp-json\/wp\/v2\/media?parent=942"}],"curies":[{"name":"wp","href":"https:\/\/api.w.org\/{rel}","templated":true}]}}