{"id":426,"date":"2018-08-02T12:03:45","date_gmt":"2018-08-02T10:03:45","guid":{"rendered":"http:\/\/laventie.fr\/maisondesloisirs\/?page_id=426"},"modified":"2023-09-11T18:48:34","modified_gmt":"2023-09-11T16:48:34","slug":"horaires-du-pole-jeunesse","status":"publish","type":"page","link":"https:\/\/laventie.fr\/maisondesloisirs\/horaires-du-pole-jeunesse\/","title":{"rendered":"Horaires ouverture p\u00f4le Jeunesse"},"content":{"rendered":"\n<figure class=\"wp-block-image size-large is-resized\"><img loading=\"lazy\" decoding=\"async\" src=\"https:\/\/laventie.fr\/maisondesloisirs\/wp-content\/uploads\/2023\/09\/5183254654872668054-1024x766.jpg\" alt=\"\" class=\"wp-image-4131\" width=\"516\" height=\"385\" srcset=\"https:\/\/laventie.fr\/maisondesloisirs\/wp-content\/uploads\/2023\/09\/5183254654872668054-1024x766.jpg 1024w, https:\/\/laventie.fr\/maisondesloisirs\/wp-content\/uploads\/2023\/09\/5183254654872668054-300x225.jpg 300w, https:\/\/laventie.fr\/maisondesloisirs\/wp-content\/uploads\/2023\/09\/5183254654872668054-768x575.jpg 768w, https:\/\/laventie.fr\/maisondesloisirs\/wp-content\/uploads\/2023\/09\/5183254654872668054-1536x1150.jpg 1536w, https:\/\/laventie.fr\/maisondesloisirs\/wp-content\/uploads\/2023\/09\/5183254654872668054.jpg 2047w\" sizes=\"(max-width: 516px) 100vw, 516px\" \/><\/figure>\n\n\n\n<p>Lundi : de 08h30 \u00e0 12h \/ 13h30 \u00e0 18h.<br>Mardi : de 13h30 \u00e0 18h &#8211; accueil t\u00e9l\u00e9phonique de 8h30 \u00e0 11h30.<br>Mercredi : de 8h30 \u00e0 11h30 \/ 14h-17h.<br>Jeudi : de 13h30 \u00e0 16h30 &#8211; accueil t\u00e9l\u00e9phonique de 8h30 \u00e0 11h30.<br>Vendredi : de 08h30 \u00e0 12h \/ 13h30 \u00e0 16h30.<\/p>\n\n\n\n<p> T\u00e9l\u00e9phone : 03 21 63 17 40<\/p>\n","protected":false},"excerpt":{"rendered":"<p>Lundi : de 08h30 \u00e0 12h \/ 13h30 \u00e0 18h.Mardi : de 13h30 \u00e0 18h &#8211; accueil t\u00e9l\u00e9phonique de 8h30 \u00e0 11h30.Mercredi : de 8h30 \u00e0 11h30 \/ 14h-17h.Jeudi : de 13h30 \u00e0 16h30 &#8211; accueil t\u00e9l\u00e9phonique de 8h30 \u00e0 11h30.Vendredi : de 08h30 \u00e0 12h \/ 13h30 \u00e0 16h30. T\u00e9l\u00e9phone : 03 21 63 [&hellip;]<\/p>\n","protected":false},"author":1,"featured_media":0,"parent":0,"menu_order":0,"comment_status":"closed","ping_status":"closed","template":"","meta":{"footnotes":"","_mc_calendar":[]},"yoast_head":"<!-- This site is optimized with the Yoast SEO plugin v14.9 - https:\/\/yoast.com\/wordpress\/plugins\/seo\/ -->\n<title>Horaires ouverture p\u00f4le Jeunesse - P\u00f4le jeunesse<\/title>\n<meta name=\"robots\" content=\"index, follow, max-snippet:-1, max-image-preview:large, max-video-preview:-1\" \/>\n<link rel=\"canonical\" href=\"https:\/\/laventie.fr\/maisondesloisirs\/horaires-du-pole-jeunesse\/\" \/>\n<meta property=\"og:locale\" content=\"fr_FR\" \/>\n<meta property=\"og:type\" content=\"article\" \/>\n<meta property=\"og:title\" content=\"Horaires ouverture p\u00f4le Jeunesse - P\u00f4le jeunesse\" \/>\n<meta property=\"og:description\" content=\"Lundi : de 08h30 \u00e0 12h \/ 13h30 \u00e0 18h.Mardi : de 13h30 \u00e0 18h &#8211; accueil t\u00e9l\u00e9phonique de 8h30 \u00e0 11h30.Mercredi : de 8h30 \u00e0 11h30 \/ 14h-17h.Jeudi : de 13h30 \u00e0 16h30 &#8211; accueil t\u00e9l\u00e9phonique de 8h30 \u00e0 11h30.Vendredi : de 08h30 \u00e0 12h \/ 13h30 \u00e0 16h30. T\u00e9l\u00e9phone : 03 21 63 [&hellip;]\" \/>\n<meta property=\"og:url\" content=\"https:\/\/laventie.fr\/maisondesloisirs\/horaires-du-pole-jeunesse\/\" \/>\n<meta property=\"og:site_name\" content=\"P\u00f4le jeunesse\" \/>\n<meta property=\"article:modified_time\" content=\"2023-09-11T16:48:34+00:00\" \/>\n<meta property=\"og:image\" content=\"https:\/\/laventie.fr\/maisondesloisirs\/wp-content\/uploads\/2023\/09\/5183254654872668054-1024x766.jpg\" \/>\n<meta name=\"twitter:card\" content=\"summary_large_image\" \/>\n<script type=\"application\/ld+json\" class=\"yoast-schema-graph\">{\"@context\":\"https:\/\/schema.org\",\"@graph\":[{\"@type\":\"WebSite\",\"@id\":\"https:\/\/laventie.fr\/maisondesloisirs\/#website\",\"url\":\"https:\/\/laventie.fr\/maisondesloisirs\/\",\"name\":\"P\\u00f4le jeunesse\",\"description\":\"\",\"potentialAction\":[{\"@type\":\"SearchAction\",\"target\":\"https:\/\/laventie.fr\/maisondesloisirs\/?s={search_term_string}\",\"query-input\":\"required name=search_term_string\"}],\"inLanguage\":\"fr-FR\"},{\"@type\":\"ImageObject\",\"@id\":\"https:\/\/laventie.fr\/maisondesloisirs\/horaires-du-pole-jeunesse\/#primaryimage\",\"inLanguage\":\"fr-FR\",\"url\":\"https:\/\/laventie.fr\/maisondesloisirs\/wp-content\/uploads\/2023\/09\/5183254654872668054.jpg\",\"width\":2047,\"height\":1532},{\"@type\":\"WebPage\",\"@id\":\"https:\/\/laventie.fr\/maisondesloisirs\/horaires-du-pole-jeunesse\/#webpage\",\"url\":\"https:\/\/laventie.fr\/maisondesloisirs\/horaires-du-pole-jeunesse\/\",\"name\":\"Horaires ouverture p\\u00f4le Jeunesse - P\\u00f4le jeunesse\",\"isPartOf\":{\"@id\":\"https:\/\/laventie.fr\/maisondesloisirs\/#website\"},\"primaryImageOfPage\":{\"@id\":\"https:\/\/laventie.fr\/maisondesloisirs\/horaires-du-pole-jeunesse\/#primaryimage\"},\"datePublished\":\"2018-08-02T10:03:45+00:00\",\"dateModified\":\"2023-09-11T16:48:34+00:00\",\"inLanguage\":\"fr-FR\",\"potentialAction\":[{\"@type\":\"ReadAction\",\"target\":[\"https:\/\/laventie.fr\/maisondesloisirs\/horaires-du-pole-jeunesse\/\"]}]}]}<\/script>\n<!-- \/ Yoast SEO plugin. -->","_links":{"self":[{"href":"https:\/\/laventie.fr\/maisondesloisirs\/wp-json\/wp\/v2\/pages\/426"}],"collection":[{"href":"https:\/\/laventie.fr\/maisondesloisirs\/wp-json\/wp\/v2\/pages"}],"about":[{"href":"https:\/\/laventie.fr\/maisondesloisirs\/wp-json\/wp\/v2\/types\/page"}],"author":[{"embeddable":true,"href":"https:\/\/laventie.fr\/maisondesloisirs\/wp-json\/wp\/v2\/users\/1"}],"replies":[{"embeddable":true,"href":"https:\/\/laventie.fr\/maisondesloisirs\/wp-json\/wp\/v2\/comments?post=426"}],"version-history":[{"count":12,"href":"https:\/\/laventie.fr\/maisondesloisirs\/wp-json\/wp\/v2\/pages\/426\/revisions"}],"predecessor-version":[{"id":4132,"href":"https:\/\/laventie.fr\/maisondesloisirs\/wp-json\/wp\/v2\/pages\/426\/revisions\/4132"}],"wp:attachment":[{"href":"https:\/\/laventie.fr\/maisondesloisirs\/wp-json\/wp\/v2\/media?parent=426"}],"curies":[{"name":"wp","href":"https:\/\/api.w.org\/{rel}","templated":true}]}}