{"id":31,"date":"2023-08-29T08:14:00","date_gmt":"2023-08-29T06:14:00","guid":{"rendered":"http:\/\/laventie.esy.es\/maisondesloisirs\/?page_id=31"},"modified":"2025-08-19T16:47:45","modified_gmt":"2025-08-19T14:47:45","slug":"ecole-municipale-de-sports","status":"publish","type":"page","link":"https:\/\/laventie.fr\/maisondesloisirs\/ecole-municipale-de-sports\/","title":{"rendered":"\u00c9cole Municipale des Sports"},"content":{"rendered":"<p><!--more--><\/p>\n<p><strong>L\u2019\u00e9cole municipale des sports permet aux enfants de 3 \u00e0 8 ans de s\u2019initier \u00e0 la d\u00e9couverte d\u2019activit\u00e9s sportives et vari\u00e9es.<\/strong><br \/>\n<strong> Ces activit\u00e9s extrascolaires doivent permettre aux enfants de trouver une voie vers les clubs sportifs de la commune.<\/strong><\/p>\n<p><span style=\"text-decoration: underline;\"><strong>Public et horaires :<\/strong><\/span><\/p>\n<p>L\u2019\u00c9cole Municipale de sport est r\u00e9serv\u00e9e aux enfants \u00e0 partir de 3 ans et jusqu\u2019\u00e0 8 ans, laventinois ou ext\u00e9rieurs, r\u00e9partis en 3 groupes d\u2018\u00e2ge \u00e0 des horaires diff\u00e9rents le Mercredi matin :<\/p>\n<ul>\n<li>De 9h \u00e0 10h00 pour les 6-8 ans (24 enfants maxi n\u00e9s en 2017, 2018, 2019).<\/li>\n<li>De 10h \u00e0 11h00 pour les 4-5 ans (24 enfants maxi n\u00e9s en 2020, 2021).<\/li>\n<li>De 11h \u00e0 12h00 pour les 3 ans (16 enfants maxi n\u00e9s en 2022, 2023).<\/li>\n<\/ul>\n<p><span style=\"text-decoration: underline;\"><strong>Objectifs de l\u2019\u00c9cole de sports :<\/strong><\/span><\/p>\n<p><strong>A l\u2019issue de la saison (cycle de 3 trimestres), les enfants auront :<\/strong><\/p>\n<ul>\n<li>D\u00e9couvert les diff\u00e9rentes familles de sports de mani\u00e8re \u00e0 pouvoir int\u00e9grer, d\u00e8s qu\u2019ils en auront l\u2019\u00e2ge, le club sportif de leur choix.<\/li>\n<li>D\u00e9velopp\u00e9 leur psychomotricit\u00e9 (r\u00e9concilier corps et esprit pour vivre harmonieusement dans l\u2019 espace)<\/li>\n<li>Appris les principaux actes moteurs.<\/li>\n<li>Acquis l&rsquo;habilet\u00e9 n\u00e9cessaire \u00e0 toute pratique sportive.<\/li>\n<li>D\u00e9velopp\u00e9 leur ma\u00eetrise d\u2019eux-m\u00eame.<\/li>\n<li>D\u00e9velopp\u00e9 leur esprit de coop\u00e9ration et de fairplay.<\/li>\n<\/ul>\n<p><a href=\"https:\/\/laventie.fr\/maisondesloisirs\/wp-content\/uploads\/2022\/12\/IMG_0931-2-1-scaled.jpg\"><img loading=\"lazy\" decoding=\"async\" class=\"aligncenter wp-image-3820 size-large\" src=\"https:\/\/laventie.fr\/maisondesloisirs\/wp-content\/uploads\/2022\/12\/IMG_0931-2-1-1024x610.jpg\" alt=\"\" width=\"768\" height=\"458\" srcset=\"https:\/\/laventie.fr\/maisondesloisirs\/wp-content\/uploads\/2022\/12\/IMG_0931-2-1-1024x610.jpg 1024w, https:\/\/laventie.fr\/maisondesloisirs\/wp-content\/uploads\/2022\/12\/IMG_0931-2-1-300x179.jpg 300w, https:\/\/laventie.fr\/maisondesloisirs\/wp-content\/uploads\/2022\/12\/IMG_0931-2-1-768x458.jpg 768w, https:\/\/laventie.fr\/maisondesloisirs\/wp-content\/uploads\/2022\/12\/IMG_0931-2-1-1536x916.jpg 1536w, https:\/\/laventie.fr\/maisondesloisirs\/wp-content\/uploads\/2022\/12\/IMG_0931-2-1-2048x1221.jpg 2048w\" sizes=\"(max-width: 768px) 100vw, 768px\" \/><\/a><a href=\"https:\/\/laventie.fr\/maisondesloisirs\/wp-content\/uploads\/2022\/12\/20221214_102725-1-scaled.jpg\"><img loading=\"lazy\" decoding=\"async\" class=\"aligncenter wp-image-3819 size-large\" src=\"https:\/\/laventie.fr\/maisondesloisirs\/wp-content\/uploads\/2022\/12\/20221214_102725-1-1024x569.jpg\" alt=\"\" width=\"768\" height=\"427\" srcset=\"https:\/\/laventie.fr\/maisondesloisirs\/wp-content\/uploads\/2022\/12\/20221214_102725-1-1024x569.jpg 1024w, https:\/\/laventie.fr\/maisondesloisirs\/wp-content\/uploads\/2022\/12\/20221214_102725-1-300x167.jpg 300w, https:\/\/laventie.fr\/maisondesloisirs\/wp-content\/uploads\/2022\/12\/20221214_102725-1-768x427.jpg 768w, https:\/\/laventie.fr\/maisondesloisirs\/wp-content\/uploads\/2022\/12\/20221214_102725-1-1536x854.jpg 1536w, https:\/\/laventie.fr\/maisondesloisirs\/wp-content\/uploads\/2022\/12\/20221214_102725-1-2048x1138.jpg 2048w\" sizes=\"(max-width: 768px) 100vw, 768px\" \/><\/a><a href=\"https:\/\/laventie.fr\/maisondesloisirs\/wp-content\/uploads\/2022\/12\/IMG_0949-2-scaled.jpg\"><img loading=\"lazy\" decoding=\"async\" class=\"alignnone wp-image-3821 size-full\" src=\"https:\/\/laventie.fr\/maisondesloisirs\/wp-content\/uploads\/2022\/12\/IMG_0949-2-scaled.jpg\" alt=\"\" width=\"2560\" height=\"1750\" srcset=\"https:\/\/laventie.fr\/maisondesloisirs\/wp-content\/uploads\/2022\/12\/IMG_0949-2-scaled.jpg 2560w, https:\/\/laventie.fr\/maisondesloisirs\/wp-content\/uploads\/2022\/12\/IMG_0949-2-300x205.jpg 300w, https:\/\/laventie.fr\/maisondesloisirs\/wp-content\/uploads\/2022\/12\/IMG_0949-2-1024x700.jpg 1024w, https:\/\/laventie.fr\/maisondesloisirs\/wp-content\/uploads\/2022\/12\/IMG_0949-2-768x525.jpg 768w, https:\/\/laventie.fr\/maisondesloisirs\/wp-content\/uploads\/2022\/12\/IMG_0949-2-1536x1050.jpg 1536w, https:\/\/laventie.fr\/maisondesloisirs\/wp-content\/uploads\/2022\/12\/IMG_0949-2-2048x1400.jpg 2048w\" sizes=\"(max-width: 2560px) 100vw, 2560px\" \/><\/a><\/p>\n<p><span style=\"text-decoration: underline;\"><strong>Contenu de l&rsquo;apprentissage :<\/strong><\/span><\/p>\n<p>Sur un mode ludique, en laissant la place principale \u00e0 la notion de plaisir, les s\u00e9ances seront organis\u00e9es par cycles, adapt\u00e9es \u00e0 chaque \u00e2ge, avec une progression logique.<\/p>\n<p><strong>-Pour les 3 ans :<\/strong><br \/>\nPrincipalement Baby-gym et motricit\u00e9 g\u00e9n\u00e9rale. (conduire,\u00a0\u00a0 \u00a0faire\u00a0\u00a0 \u00a0rouler,\u00a0\u00a0 \u00a0faire\u00a0\u00a0 \u00a0une\u00a0\u00a0 \u00a0passe, r\u00e9ceptionner, viser, lancer, courir vite, courir longtemps, grimper, glisser, ramper, reproduire, s\u2019exprimer, se rep\u00e9rer, s\u2019\u00e9quilibrer\u2026)<\/p>\n<p><strong>-Pour les 4-8 ans :<\/strong><br \/>\nD\u00e9couverte des principales activit\u00e9s sportives: petits jeux, courir, sauter, expression corporelle, danse, mimes, sports collectifs, sports de raquette, sports\u00a0\u00a0 \u00a0d\u2019opposition,\u00a0\u00a0 \u00a0v\u00e9lo,\u00a0\u00a0 \u00a0roller, athl\u00e9tisme&#8230;<\/p>\n<p><strong>Attention, ce programme est donn\u00e9 \u00e0 titre indicatif.<\/strong><br \/>\n<strong> Il peut \u00eatre modifi\u00e9 selon la progression d\u2019ensemble du groupe et la demande des enfants.<\/strong><\/p>\n<p><span style=\"text-decoration: underline;\"><strong>Calendrier des s\u00e9ances saison 2025-2026 :<\/strong><\/span><\/p>\n<p><a href=\"https:\/\/laventie.fr\/maisondesloisirs\/wp-content\/uploads\/2025\/08\/planning-Ecole-des-sports-2025-2026.pdf\">planning Ecole des sports 2025-2026<\/a><\/p>\n<p><strong>S\u00e9ance d\u00e9couverte : le 24 Septembre su<\/strong><strong>r inscription obligatoire aupr\u00e8s du P\u00f4le Jeunesse.<br \/>\n<\/strong><\/p>\n<ul>\n<li>Dans une optique p\u00e9dagogique, l\u2019inscription se fait obligatoirement \u00e0 l\u2019ann\u00e9e, du 24 Septembre 2025 au\u00a0 24 Juin 2026. (continuit\u00e9 et coh\u00e9rence de l\u2019apprentissage) L\u2019\u00c9cole Municipale de Sport ne fonctionne pas pendant les vacances scolaires et les jours f\u00e9ri\u00e9s.<\/li>\n<\/ul>\n<p><span style=\"text-decoration: underline;\"><strong>Inscription \u00e0 l&rsquo;ann\u00e9e scolaire :<\/strong><\/span><\/p>\n<p>R\u00e8glement possible en 3 fois.<br \/>\n<span style=\"text-decoration: underline;\">Tarifs:<\/span><br \/>\n&#8211; 36 euros l\u2019ann\u00e9e (soit 12 euros par trimestre)<br \/>\npour les Laventinois<br \/>\n&#8211; 69 euros l\u2019ann\u00e9e (soit 23 euros par trimestre)<br \/>\npour les Ext\u00e9rieurs.<br \/>\nR\u00e9glable \u00e0 l\u2019issue de la premi\u00e8re s\u00e9ance (d\u2019essai)<\/p>\n<p><span style=\"text-decoration: underline;\"><strong>Inscriptions:<\/strong><\/span><\/p>\n<p><a href=\"https:\/\/framaforms.org\/inscription-a-lecole-municipale-des-sports-1662988605\">FORMULAIRE INSCRIPTION<\/a><\/p>\n<p>Vous devez imp\u00e9rativement remplir ce formulaire accompagn\u00e9 des pi\u00e8ces demand\u00e9es (certificat m\u00e9dical de &#8211; de 3 ans et photo).<\/p>\n<p>D\u00e8s r\u00e9ception, nous proc\u00e9derons \u00e0 la r\u00e9servation.<\/p>\n<p>Les s\u00e9ances sont coordonn\u00e9es par <strong>Marie-Florentine DOUEZ<\/strong>, employ\u00e9e communale, \u00c9ducatrice sportive dipl\u00f4m\u00e9e d\u2019\u00c9tat et\u00a0 <strong>Caroline BALLONE <\/strong>\u00c9ducatrice sportive.<\/p>\n","protected":false},"excerpt":{"rendered":"","protected":false},"author":1,"featured_media":2155,"parent":0,"menu_order":0,"comment_status":"closed","ping_status":"closed","template":"","meta":{"footnotes":"","_mc_calendar":[]},"yoast_head":"<!-- This site is optimized with the Yoast SEO plugin v14.9 - https:\/\/yoast.com\/wordpress\/plugins\/seo\/ -->\n<title>\u00c9cole Municipale des Sports - P\u00f4le jeunesse<\/title>\n<meta name=\"robots\" content=\"index, follow, max-snippet:-1, max-image-preview:large, max-video-preview:-1\" \/>\n<link rel=\"canonical\" href=\"https:\/\/laventie.fr\/maisondesloisirs\/ecole-municipale-de-sports\/\" \/>\n<meta property=\"og:locale\" content=\"fr_FR\" \/>\n<meta property=\"og:type\" content=\"article\" \/>\n<meta property=\"og:title\" content=\"\u00c9cole Municipale des Sports - P\u00f4le jeunesse\" \/>\n<meta property=\"og:url\" content=\"https:\/\/laventie.fr\/maisondesloisirs\/ecole-municipale-de-sports\/\" \/>\n<meta property=\"og:site_name\" content=\"P\u00f4le jeunesse\" \/>\n<meta property=\"article:modified_time\" content=\"2025-08-19T14:47:45+00:00\" \/>\n<meta property=\"og:image\" content=\"https:\/\/laventie.fr\/maisondesloisirs\/wp-content\/uploads\/2018\/08\/Sans-titre-2-1.jpg\" \/>\n\t<meta property=\"og:image:width\" content=\"1024\" \/>\n\t<meta property=\"og:image:height\" content=\"680\" \/>\n<meta name=\"twitter:card\" content=\"summary_large_image\" \/>\n<script type=\"application\/ld+json\" class=\"yoast-schema-graph\">{\"@context\":\"https:\/\/schema.org\",\"@graph\":[{\"@type\":\"WebSite\",\"@id\":\"https:\/\/laventie.fr\/maisondesloisirs\/#website\",\"url\":\"https:\/\/laventie.fr\/maisondesloisirs\/\",\"name\":\"P\\u00f4le jeunesse\",\"description\":\"\",\"potentialAction\":[{\"@type\":\"SearchAction\",\"target\":\"https:\/\/laventie.fr\/maisondesloisirs\/?s={search_term_string}\",\"query-input\":\"required name=search_term_string\"}],\"inLanguage\":\"fr-FR\"},{\"@type\":\"ImageObject\",\"@id\":\"https:\/\/laventie.fr\/maisondesloisirs\/ecole-municipale-de-sports\/#primaryimage\",\"inLanguage\":\"fr-FR\",\"url\":\"https:\/\/laventie.fr\/maisondesloisirs\/wp-content\/uploads\/2018\/08\/Sans-titre-2-1.jpg\",\"width\":1024,\"height\":680},{\"@type\":\"WebPage\",\"@id\":\"https:\/\/laventie.fr\/maisondesloisirs\/ecole-municipale-de-sports\/#webpage\",\"url\":\"https:\/\/laventie.fr\/maisondesloisirs\/ecole-municipale-de-sports\/\",\"name\":\"\\u00c9cole Municipale des Sports - P\\u00f4le jeunesse\",\"isPartOf\":{\"@id\":\"https:\/\/laventie.fr\/maisondesloisirs\/#website\"},\"primaryImageOfPage\":{\"@id\":\"https:\/\/laventie.fr\/maisondesloisirs\/ecole-municipale-de-sports\/#primaryimage\"},\"datePublished\":\"2023-08-29T06:14:00+00:00\",\"dateModified\":\"2025-08-19T14:47:45+00:00\",\"inLanguage\":\"fr-FR\",\"potentialAction\":[{\"@type\":\"ReadAction\",\"target\":[\"https:\/\/laventie.fr\/maisondesloisirs\/ecole-municipale-de-sports\/\"]}]}]}<\/script>\n<!-- \/ Yoast SEO plugin. -->","_links":{"self":[{"href":"https:\/\/laventie.fr\/maisondesloisirs\/wp-json\/wp\/v2\/pages\/31"}],"collection":[{"href":"https:\/\/laventie.fr\/maisondesloisirs\/wp-json\/wp\/v2\/pages"}],"about":[{"href":"https:\/\/laventie.fr\/maisondesloisirs\/wp-json\/wp\/v2\/types\/page"}],"author":[{"embeddable":true,"href":"https:\/\/laventie.fr\/maisondesloisirs\/wp-json\/wp\/v2\/users\/1"}],"replies":[{"embeddable":true,"href":"https:\/\/laventie.fr\/maisondesloisirs\/wp-json\/wp\/v2\/comments?post=31"}],"version-history":[{"count":74,"href":"https:\/\/laventie.fr\/maisondesloisirs\/wp-json\/wp\/v2\/pages\/31\/revisions"}],"predecessor-version":[{"id":4815,"href":"https:\/\/laventie.fr\/maisondesloisirs\/wp-json\/wp\/v2\/pages\/31\/revisions\/4815"}],"wp:featuredmedia":[{"embeddable":true,"href":"https:\/\/laventie.fr\/maisondesloisirs\/wp-json\/wp\/v2\/media\/2155"}],"wp:attachment":[{"href":"https:\/\/laventie.fr\/maisondesloisirs\/wp-json\/wp\/v2\/media?parent=31"}],"curies":[{"name":"wp","href":"https:\/\/api.w.org\/{rel}","templated":true}]}}