{"id":27,"date":"2019-04-04T13:13:43","date_gmt":"2019-04-04T11:13:43","guid":{"rendered":"http:\/\/laventie.esy.es\/maisondesloisirs\/?page_id=27"},"modified":"2023-11-13T18:10:45","modified_gmt":"2023-11-13T17:10:45","slug":"accueil-de-loisirs-permanent","status":"publish","type":"page","link":"https:\/\/laventie.fr\/maisondesloisirs\/accueil-de-loisirs-permanent\/","title":{"rendered":"Accueil de loisirs permanent"},"content":{"rendered":"\n<h3 class=\"wp-block-heading\">Mercredis r\u00e9cr\u00e9atifs<\/h3>\n\n\n\n<p><strong>Accueil des enfants de 3 \u00e0 12 ans.<\/strong><\/p>\n\n\n\n<p><strong>Horaires d&rsquo;ouverture<\/strong> : de 9h \u00e0 17h<\/p>\n\n\n\n<p>Garderie possible de 7h \u00e0 8h30 et de 17h30 \u00e0 18h30.<br>Les enfants prennent une collation \u00e0 9h00 et le go\u00fbter vers 16h00.<br>Inscriptions \u00e0 la demi journ\u00e9e ou \u00e0 la journ\u00e9e avec ou sans le repas.<br>Les activit\u00e9s propos\u00e9es sont le plus vari\u00e9es possible, et diff\u00e9rentes d&rsquo;une semaine \u00e0 l&rsquo;autre.<\/p>\n\n\n\n<p><strong>Au programme :<\/strong><\/p>\n\n\n\n<p>*Activit\u00e9s manuelles, Informatique, \u00e9veil musical, biblioth\u00e8que, grands jeux, sport en salle &#8230;<\/p>\n\n\n\n<h3 class=\"wp-block-heading\">Petites vacances scolaires<\/h3>\n\n\n\n<p><strong>Accueil des enfants de 3 \u00e0 11 ans &nbsp;et des ados de 12 \u00e0 17 ans \u00e0 chaque vacances scolaires.<\/strong><\/p>\n\n\n\n<p><strong>Horaires d&rsquo;ouverture<\/strong> : du lundi au vendredi de 9h00 \u00e0 17h00<\/p>\n\n\n\n<p>Garderie de 7h \u00e0 9h et de 17h \u00e0 18h30 sur r\u00e9servation.<\/p>\n\n\n\n<div class=\"wp-block-image\"><figure class=\"alignright\"><a href=\"http:\/\/laventie.fr\/maisondesloisirs\/wp-content\/uploads\/2016\/03\/13709718_1762265687318414_608411284_o.jpg\"><img loading=\"lazy\" decoding=\"async\" width=\"300\" height=\"225\" src=\"http:\/\/laventie.fr\/maisondesloisirs\/wp-content\/uploads\/2016\/03\/13709718_1762265687318414_608411284_o-300x225.jpg\" alt=\"13709718_1762265687318414_608411284_o\" class=\"wp-image-817\" srcset=\"https:\/\/laventie.fr\/maisondesloisirs\/wp-content\/uploads\/2016\/03\/13709718_1762265687318414_608411284_o-300x225.jpg 300w, https:\/\/laventie.fr\/maisondesloisirs\/wp-content\/uploads\/2016\/03\/13709718_1762265687318414_608411284_o-768x576.jpg 768w, https:\/\/laventie.fr\/maisondesloisirs\/wp-content\/uploads\/2016\/03\/13709718_1762265687318414_608411284_o-1024x768.jpg 1024w, https:\/\/laventie.fr\/maisondesloisirs\/wp-content\/uploads\/2016\/03\/13709718_1762265687318414_608411284_o-600x450.jpg 600w, https:\/\/laventie.fr\/maisondesloisirs\/wp-content\/uploads\/2016\/03\/13709718_1762265687318414_608411284_o.jpg 2048w\" sizes=\"(max-width: 300px) 100vw, 300px\" \/><\/a><\/figure><\/div>\n\n\n\n<p><strong>Journ\u00e9e type :<\/strong><\/p>\n\n\n\n<p>9h : collation<br>9h30-12h30 : activit\u00e9s<br>12h15 : d\u00e9jeuner<br>14h-17h15 : activit\u00e9s<br>16h30 : go\u00fbter<br>17h : sortie<\/p>\n\n\n\n<p>Inscriptions \u00e0 la demi-journ\u00e9e ou \u00e0 la journ\u00e9e avec ou sans le repas.<\/p>\n\n\n\n<p><strong>Au programme :<\/strong><\/p>\n\n\n\n<p>*Activit\u00e9s manuelles, informatique, \u00e9veil musical, activit\u00e9s \u00e0 la biblioth\u00e8que, grands jeux, activit\u00e9s sportives \u00e0 la salle des sports et des sorties ( piscine, patinoire, bowling, cin\u00e9ma&#8230;)<\/p>\n\n\n\n<div class=\"wp-block-image\"><figure class=\"aligncenter\"><a href=\"http:\/\/laventie.fr\/maisondesloisirs\/wp-content\/uploads\/2016\/03\/13699354_10208729225980479_1864427281_o.jpg\"><img loading=\"lazy\" decoding=\"async\" width=\"2048\" height=\"1152\" src=\"http:\/\/laventie.fr\/maisondesloisirs\/wp-content\/uploads\/2016\/03\/13699354_10208729225980479_1864427281_o.jpg\" alt=\"13699354_10208729225980479_1864427281_o\" class=\"wp-image-679\" srcset=\"https:\/\/laventie.fr\/maisondesloisirs\/wp-content\/uploads\/2016\/03\/13699354_10208729225980479_1864427281_o.jpg 2048w, https:\/\/laventie.fr\/maisondesloisirs\/wp-content\/uploads\/2016\/03\/13699354_10208729225980479_1864427281_o-300x169.jpg 300w, https:\/\/laventie.fr\/maisondesloisirs\/wp-content\/uploads\/2016\/03\/13699354_10208729225980479_1864427281_o-768x432.jpg 768w, https:\/\/laventie.fr\/maisondesloisirs\/wp-content\/uploads\/2016\/03\/13699354_10208729225980479_1864427281_o-1024x576.jpg 1024w, https:\/\/laventie.fr\/maisondesloisirs\/wp-content\/uploads\/2016\/03\/13699354_10208729225980479_1864427281_o-600x338.jpg 600w\" sizes=\"(max-width: 2048px) 100vw, 2048px\" \/><\/a><\/figure><\/div>\n\n\n\n<h3 class=\"wp-block-heading\">\u00c9t\u00e9<\/h3>\n\n\n\n<p><strong>Accueil des enfants de 3 \u00e0 11 ans&nbsp;et des ados de 12 \u00e0 17 ans.<\/strong><\/p>\n\n\n\n<p><strong>Horaires d&rsquo;ouverture<\/strong> : du lundi au vendredi de 9h \u00e0 17h<\/p>\n\n\n\n<p>Garderie \u00e0 partir de 7h et jusqu&rsquo;\u00e0 18h30.<br>Inscriptions \u00e0 la semaine et au mois uniquement pour les 7-17 ans (tarifs d\u00e9gressifs).<br>Inscriptions \u00e0 la journ\u00e9e possibles jusqu&rsquo;\u00e0 6 ans.<\/p>\n\n\n\n<p><strong>Journ\u00e9e type identique \u00e0 celle des petites vacances.<\/strong><\/p>\n\n\n\n<p>Les activit\u00e9s propos\u00e9es sont diff\u00e9rentes selon les tranches d&rsquo;\u00e2ge :<br>*petite-moyenne section, grande section\/CP\/CE1 et CE2\/CM1\/CM2.<br>*Les enfants sont amen\u00e9s et repris \u00e0&nbsp;la cit\u00e9 scolaire Henri Puchois.<br>*Pour les activit\u00e9s, elles se d\u00e9roulent selon les groupes \u00e0 la maison des loisirs ou \u00e0 la cit\u00e9 scolaire Henri Puchois.<br>*Les enfants se retrouvent pour le d\u00e9jeuner et le repas dans la cantine.<\/p>\n\n\n\n<div class=\"wp-block-image\"><figure class=\"alignright\"><a href=\"http:\/\/laventie.fr\/maisondesloisirs\/wp-content\/uploads\/2016\/03\/DSCN2559.jpg\"><img loading=\"lazy\" decoding=\"async\" width=\"300\" height=\"225\" src=\"http:\/\/laventie.fr\/maisondesloisirs\/wp-content\/uploads\/2016\/03\/DSCN2559-300x225.jpg\" alt=\"DSCN2559\" class=\"wp-image-676\" srcset=\"https:\/\/laventie.fr\/maisondesloisirs\/wp-content\/uploads\/2016\/03\/DSCN2559-300x225.jpg 300w, https:\/\/laventie.fr\/maisondesloisirs\/wp-content\/uploads\/2016\/03\/DSCN2559-768x576.jpg 768w, https:\/\/laventie.fr\/maisondesloisirs\/wp-content\/uploads\/2016\/03\/DSCN2559-1024x768.jpg 1024w, https:\/\/laventie.fr\/maisondesloisirs\/wp-content\/uploads\/2016\/03\/DSCN2559-600x450.jpg 600w\" sizes=\"(max-width: 300px) 100vw, 300px\" \/><\/a><\/figure><\/div>\n\n\n\n<p><strong>Au programme :<\/strong><\/p>\n\n\n\n<p>*Des activit\u00e9s de plein air : d\u00e9couverte de la nature, jeux, &#8230;<br>*Des activit\u00e9s manuelles, de l&rsquo;\u00e9veil musical, des activit\u00e9s \u00e0 la biblioth\u00e8que, des grands jeux et des activit\u00e9s sportives \u00e0 la salle des sports.<br>*Des sorties : piscine, patinoire, bowling, cin\u00e9ma, parc nature, parc d&rsquo;attraction&#8230;<br>*Des sorties \u00e9ducatives.<br>*Camping (3 nuits pour les CE2\/CM1\/CM2, 1 nuit pour GS\/CP\/CE1)<\/p>\n\n\n\n<p>Tarifs en fonction du quotient familial et du nombre d&rsquo;enfants fr\u00e9quentant le centre .<\/p>\n\n\n\n<div class=\"wp-block-image\"><figure class=\"aligncenter\"><a href=\"https:\/\/laventie.fr\/maisondesloisirs\/wp-content\/uploads\/2023\/05\/Capture-d\u2019\u00e9cran-2023-05-02-162212.jpg\"><img loading=\"lazy\" decoding=\"async\" width=\"1845\" height=\"405\" src=\"https:\/\/laventie.fr\/maisondesloisirs\/wp-content\/uploads\/2023\/05\/Capture-d\u2019\u00e9cran-2023-05-02-162212.jpg\" alt=\"\" class=\"wp-image-3936\" srcset=\"https:\/\/laventie.fr\/maisondesloisirs\/wp-content\/uploads\/2023\/05\/Capture-d\u2019\u00e9cran-2023-05-02-162212.jpg 1845w, https:\/\/laventie.fr\/maisondesloisirs\/wp-content\/uploads\/2023\/05\/Capture-d\u2019\u00e9cran-2023-05-02-162212-300x66.jpg 300w, https:\/\/laventie.fr\/maisondesloisirs\/wp-content\/uploads\/2023\/05\/Capture-d\u2019\u00e9cran-2023-05-02-162212-1024x225.jpg 1024w, https:\/\/laventie.fr\/maisondesloisirs\/wp-content\/uploads\/2023\/05\/Capture-d\u2019\u00e9cran-2023-05-02-162212-768x169.jpg 768w, https:\/\/laventie.fr\/maisondesloisirs\/wp-content\/uploads\/2023\/05\/Capture-d\u2019\u00e9cran-2023-05-02-162212-1536x337.jpg 1536w\" sizes=\"(max-width: 1845px) 100vw, 1845px\" \/><\/a><\/figure><\/div>\n\n\n\n<p>Pi\u00e8ces \u00e0 fournir \u00e0 l&rsquo;inscription : le carnet de vaccination, une photo d&rsquo;identit\u00e9, l&rsquo;avis d&rsquo;imposition ou de non-imposition le plus r\u00e9cent, la carte de mutuelle et la carte de s\u00e9curit\u00e9 sociale.<\/p>\n\n\n\n<p>Calcul du quotient familial :<\/p>\n\n\n\n<p>Revenu annuel brut imposable divis\u00e9 par 12 divis\u00e9 par le nombre de parts dans la famille.<\/p>\n\n\n\n<blockquote class=\"wp-block-quote\"><p>Les ch\u00e8ques vacances ANCV, les tickets CESU(- 6 ans) et les aides aux vacances de la CAF sont accept\u00e9s et d\u00e9duits du co\u00fbt r\u00e9el du s\u00e9jour.<\/p><\/blockquote>\n\n\n\n<p><strong>Une \u00e9quipe d&rsquo;animation :<\/strong><\/p>\n\n\n\n<p>Les permanents de la maison des loisirs.<br>Des animateurs dipl\u00f4m\u00e9s du BAFA et exp\u00e9riment\u00e9s et des animateurs en cours de formation (1 pour 8 enfants avec les moins de 6 ans, 1 pour 12 avec les plus de 6 ans).<\/p>\n\n\n\n<p><strong>Des locaux fonctionnels \u00e0 la disposition des enfants :<\/strong><\/p>\n\n\n\n<ul><li>la cit\u00e9 scolaire<\/li><li>la maison de la musique<\/li><li>les salles de sports, le DOJO, le City<\/li><li>les 2 terrains de football<\/li><li>la m\u00e9diath\u00e8que municipale<\/li><li>la salle des f\u00eates.<\/li><\/ul>\n\n\n\n<p><strong>Un projet \u00e9ducatif comme r\u00e9f\u00e9rence<\/strong>.<\/p>\n\n\n\n<p>L&rsquo;accueil de loisirs est agr\u00e9\u00e9 par la direction d\u00e9partementale de la coh\u00e9sion sociale.<\/p>\n\n\n\n<p>Retrouvez ci-dessous :<\/p>\n\n\n\n<p><a href=\"https:\/\/laventie.fr\/maisondesloisirs\/wp-content\/uploads\/2023\/08\/Projet-Educatif-Mairie-2023.pdf\">Le Projet \u00e9ducatif&nbsp; 2023<\/a><\/p>\n\n\n\n<p><a href=\"https:\/\/laventie.fr\/maisondesloisirs\/wp-content\/uploads\/2023\/08\/PROJET-PEDA-PERI-2023-2024.pdf\">Le Projet p\u00e9dagogique p\u00e9riscolaire 2023 2024<\/a><\/p>\n\n\n\n<p><a href=\"https:\/\/laventie.fr\/maisondesloisirs\/wp-content\/uploads\/2023\/08\/PEDT.pdf\">Le Projet Educatif De Territoire &#8211; Plan Mercredi<\/a><\/p>\n\n\n\n<p><\/p>\n","protected":false},"excerpt":{"rendered":"<p>Mercredis r\u00e9cr\u00e9atifs Accueil des enfants de 3 \u00e0 12 ans. Horaires d&rsquo;ouverture : de 9h \u00e0 17h Garderie possible de 7h \u00e0 8h30 et de 17h30 \u00e0 18h30.Les enfants prennent une collation \u00e0 9h00 et le go\u00fbter vers 16h00.Inscriptions \u00e0 la demi journ\u00e9e ou \u00e0 la journ\u00e9e avec ou sans le repas.Les activit\u00e9s propos\u00e9es sont [&hellip;]<\/p>\n","protected":false},"author":1,"featured_media":0,"parent":0,"menu_order":0,"comment_status":"closed","ping_status":"closed","template":"","meta":{"footnotes":"","_mc_calendar":[]},"yoast_head":"<!-- This site is optimized with the Yoast SEO plugin v14.9 - https:\/\/yoast.com\/wordpress\/plugins\/seo\/ -->\n<title>Accueil de loisirs permanent - P\u00f4le jeunesse<\/title>\n<meta name=\"robots\" content=\"index, follow, max-snippet:-1, max-image-preview:large, max-video-preview:-1\" \/>\n<link rel=\"canonical\" href=\"https:\/\/laventie.fr\/maisondesloisirs\/accueil-de-loisirs-permanent\/\" \/>\n<meta property=\"og:locale\" content=\"fr_FR\" \/>\n<meta property=\"og:type\" content=\"article\" \/>\n<meta property=\"og:title\" content=\"Accueil de loisirs permanent - P\u00f4le jeunesse\" \/>\n<meta property=\"og:description\" content=\"Mercredis r\u00e9cr\u00e9atifs Accueil des enfants de 3 \u00e0 12 ans. Horaires d&rsquo;ouverture : de 9h \u00e0 17h Garderie possible de 7h \u00e0 8h30 et de 17h30 \u00e0 18h30.Les enfants prennent une collation \u00e0 9h00 et le go\u00fbter vers 16h00.Inscriptions \u00e0 la demi journ\u00e9e ou \u00e0 la journ\u00e9e avec ou sans le repas.Les activit\u00e9s propos\u00e9es sont [&hellip;]\" \/>\n<meta property=\"og:url\" content=\"https:\/\/laventie.fr\/maisondesloisirs\/accueil-de-loisirs-permanent\/\" \/>\n<meta property=\"og:site_name\" content=\"P\u00f4le jeunesse\" \/>\n<meta property=\"article:modified_time\" content=\"2023-11-13T17:10:45+00:00\" \/>\n<meta property=\"og:image\" content=\"http:\/\/laventie.fr\/maisondesloisirs\/wp-content\/uploads\/2016\/03\/13709718_1762265687318414_608411284_o-300x225.jpg\" \/>\n<meta name=\"twitter:card\" content=\"summary_large_image\" \/>\n<script type=\"application\/ld+json\" class=\"yoast-schema-graph\">{\"@context\":\"https:\/\/schema.org\",\"@graph\":[{\"@type\":\"WebSite\",\"@id\":\"https:\/\/laventie.fr\/maisondesloisirs\/#website\",\"url\":\"https:\/\/laventie.fr\/maisondesloisirs\/\",\"name\":\"P\\u00f4le jeunesse\",\"description\":\"\",\"potentialAction\":[{\"@type\":\"SearchAction\",\"target\":\"https:\/\/laventie.fr\/maisondesloisirs\/?s={search_term_string}\",\"query-input\":\"required name=search_term_string\"}],\"inLanguage\":\"fr-FR\"},{\"@type\":\"ImageObject\",\"@id\":\"https:\/\/laventie.fr\/maisondesloisirs\/accueil-de-loisirs-permanent\/#primaryimage\",\"inLanguage\":\"fr-FR\",\"url\":\"http:\/\/laventie.fr\/maisondesloisirs\/wp-content\/uploads\/2016\/03\/13709718_1762265687318414_608411284_o-300x225.jpg\"},{\"@type\":\"WebPage\",\"@id\":\"https:\/\/laventie.fr\/maisondesloisirs\/accueil-de-loisirs-permanent\/#webpage\",\"url\":\"https:\/\/laventie.fr\/maisondesloisirs\/accueil-de-loisirs-permanent\/\",\"name\":\"Accueil de loisirs permanent - P\\u00f4le jeunesse\",\"isPartOf\":{\"@id\":\"https:\/\/laventie.fr\/maisondesloisirs\/#website\"},\"primaryImageOfPage\":{\"@id\":\"https:\/\/laventie.fr\/maisondesloisirs\/accueil-de-loisirs-permanent\/#primaryimage\"},\"datePublished\":\"2019-04-04T11:13:43+00:00\",\"dateModified\":\"2023-11-13T17:10:45+00:00\",\"inLanguage\":\"fr-FR\",\"potentialAction\":[{\"@type\":\"ReadAction\",\"target\":[\"https:\/\/laventie.fr\/maisondesloisirs\/accueil-de-loisirs-permanent\/\"]}]}]}<\/script>\n<!-- \/ Yoast SEO plugin. -->","_links":{"self":[{"href":"https:\/\/laventie.fr\/maisondesloisirs\/wp-json\/wp\/v2\/pages\/27"}],"collection":[{"href":"https:\/\/laventie.fr\/maisondesloisirs\/wp-json\/wp\/v2\/pages"}],"about":[{"href":"https:\/\/laventie.fr\/maisondesloisirs\/wp-json\/wp\/v2\/types\/page"}],"author":[{"embeddable":true,"href":"https:\/\/laventie.fr\/maisondesloisirs\/wp-json\/wp\/v2\/users\/1"}],"replies":[{"embeddable":true,"href":"https:\/\/laventie.fr\/maisondesloisirs\/wp-json\/wp\/v2\/comments?post=27"}],"version-history":[{"count":49,"href":"https:\/\/laventie.fr\/maisondesloisirs\/wp-json\/wp\/v2\/pages\/27\/revisions"}],"predecessor-version":[{"id":4214,"href":"https:\/\/laventie.fr\/maisondesloisirs\/wp-json\/wp\/v2\/pages\/27\/revisions\/4214"}],"wp:attachment":[{"href":"https:\/\/laventie.fr\/maisondesloisirs\/wp-json\/wp\/v2\/media?parent=27"}],"curies":[{"name":"wp","href":"https:\/\/api.w.org\/{rel}","templated":true}]}}