{"id":25,"date":"2023-08-21T10:13:00","date_gmt":"2023-08-21T08:13:00","guid":{"rendered":"http:\/\/laventie.esy.es\/maisondesloisirs\/?page_id=25"},"modified":"2025-10-21T12:17:45","modified_gmt":"2025-10-21T10:17:45","slug":"accueil-periscolaire","status":"publish","type":"page","link":"https:\/\/laventie.fr\/maisondesloisirs\/services-periscolaires-municipaux\/accueil-periscolaire\/","title":{"rendered":"Accueil p\u00e9riscolaire"},"content":{"rendered":"<p><!--more--><\/p>\n<div class=\"entry-content\">\n<p>L\u2019Accueil de Loisirs p\u00e9riscolaire est d\u00e9clar\u00e9 aux services de la Direction D\u00e9partementale de la Coh\u00e9sion Sociale et b\u00e9n\u00e9ficie \u00e0 ce titre d\u2019un agr\u00e9ment sp\u00e9cifique et de subventions de la CAF du Pas-de-Calais.<\/p>\n<p><strong>Pour toutes d\u00e9marches concernant les services p\u00e9riscolaires, vous pouvez joindre le p\u00f4le Jeunesse au 03-21-63-17-40 \u00e0 partir du 26 ao\u00fbt 2024 ou d\u00e8s maintenant par mail \u00e0 <a href=\"mailto:maisondesloisirs@laventie.fr\" target=\"_blank\" rel=\"noopener noreferrer\">polejeunesse@laventie.fr<\/a><br \/>\n<\/strong><\/p>\n<p><strong><u>Horaires\u00a0 \u00e0 partir du 1er septembre 2025<\/u><\/strong><\/p>\n<p><u>Lundi : <\/u>de 08h30 \u00e0 12h \/ 13h30 \u00e0 18h<\/p>\n<p><u>Mardi : <\/u>de 13h30 \u00e0 18h &#8211; accueil t\u00e9l\u00e9phonique de 8h30 \u00e0 11h30<\/p>\n<p><u>Mercredi : <\/u>de 8h30 \u00e0 11h30 \/ 14h30-17h<\/p>\n<p><u>Jeudi : <\/u>de 13h30 \u00e0 16h30 &#8211; accueil t\u00e9l\u00e9phonique de 8h30 \u00e0 11h30<\/p>\n<p><u>Vendredi : <\/u>de 08h30 \u00e0 12h \/ 13h30 \u00e0 16h30.<\/p>\n<p><strong>Veuillez trouver ci-dessous le fonctionnement complet ainsi que les r\u00e8glements int\u00e9rieurs aux diff\u00e9rents Services P\u00e9riscolaires\u00a0 &#8211; obligatoire pour toutes inscriptions de votre (vos) enfant(s).<\/strong><\/p>\n<p><strong>Inscriptions<\/strong><\/p>\n<p>L\u2019inscription et la r\u00e9servation des diff\u00e9rents services p\u00e9riscolaires propos\u00e9s \u00e0 la cit\u00e9 scolaire Henri Puchois sont obligatoires. Pr\u00e9cisons toutefois qu\u2019un enfant ne se verra jamais interdire l\u2019acc\u00e8s \u00e0 l\u2019un des services, m\u00eame s\u2019il n\u2019a pas \u00e9t\u00e9 inscrit (seul le tarif exceptionnel sera appliqu\u00e9).<br \/>\nLes r\u00e9servations peuvent se faire \u00e0 l\u2019ann\u00e9e ou sur une p\u00e9riode s\u2019\u00e9talant entre 2 vacances scolaires. Les r\u00e9servations doivent \u00eatre effectu\u00e9es par le Portail Famille (jusqu\u2019au jeudi \u00e0 18h30 pour la semaine suivante).<br \/>\nLe Portail Famille vous permet \u00e9galement d\u2019effectuer le paiement en ligne des factures (Paiement s\u00e9curis\u00e9 avec votre carte bleue via la plateforme de t\u00e9l\u00e9paiement TIPI de la Direction G\u00e9n\u00e9rale des Finances Publiques).<\/p>\n<p>Pour r\u00e9gler votre facture sans oublier, souscrivez au pr\u00e9l\u00e8vement automatique, pour cela remplir le formulaire et retournez le nous accompagn\u00e9 d&rsquo;un RIB.<\/p>\n<p><a href=\"https:\/\/laventie.fr\/maisondesloisirs\/wp-content\/uploads\/2025\/08\/mandat-services-peri-25-26.pdf\">Mandat de pr\u00e9l\u00e8vement automatique<\/a><\/p>\n<p>Vous souhaitez nous informer d&rsquo;un incident ou d&rsquo;un probl\u00e8me \u00e9tant survenu durant une p\u00e9riode de service p\u00e9riscolaire communal ? Nous vous proposons de remplir la fiche am\u00e9lioration et la retourner par mail polejeunesse@laventie.fr<\/p>\n<p><a href=\"https:\/\/laventie.fr\/maisondesloisirs\/wp-content\/uploads\/2023\/08\/FICHE-AMELIORATION-DES-SERVICES-PERISCOLAIRES.pdf\">Fiche am\u00e9lioration des accueils p\u00e9riscolaires<\/a><\/p>\n<p><img loading=\"lazy\" decoding=\"async\" class=\"size-full wp-image-1520 aligncenter\" src=\"https:\/\/laventie.fr\/wp-content\/uploads\/2016\/03\/separation.png\" alt=\"separation\" width=\"1000\" height=\"60\" \/><strong>La garderie p\u00e9riscolaire<\/strong><\/p>\n<p><a href=\"https:\/\/laventie.fr\/maisondesloisirs\/wp-content\/uploads\/2020\/08\/logo-periscolaire.jpg\" rel=\"attachment wp-att-2228\"><img loading=\"lazy\" decoding=\"async\" class=\"wp-image-2897 size-medium alignright\" src=\"https:\/\/laventie.fr\/maisondesloisirs\/wp-content\/uploads\/2020\/08\/logo-periscolaire-300x221.jpg\" alt=\"\" width=\"300\" height=\"221\" srcset=\"https:\/\/laventie.fr\/maisondesloisirs\/wp-content\/uploads\/2020\/08\/logo-periscolaire-300x221.jpg 300w, https:\/\/laventie.fr\/maisondesloisirs\/wp-content\/uploads\/2020\/08\/logo-periscolaire.jpg 570w\" sizes=\"(max-width: 300px) 100vw, 300px\" \/><\/a>La garderie p\u00e9riscolaire fonctionne les lundi, mardi, jeudi et vendredi le matin de 7h00 \u00e0 8h20\/8h30, et le soir de 16h30 \u00e0 18h30 \u00e0 la Cit\u00e9 scolaire Henri Puchois. Les enfants sont accueillis dans une salle r\u00e9serv\u00e9e \u00e0 cet effet, et, en attendant l\u2019heure de la classe, participent \u00e0 diff\u00e9rentes activit\u00e9s sous l\u2019\u0153il attentif des agents communaux.<\/p>\n<p>L\u2019arriv\u00e9e des enfants peut se faire de mani\u00e8re \u00e9chelonn\u00e9e, la facturation s\u2019effectue \u00e0 la demi-heure pr\u00e8s.<\/p>\n<p>Contacter la responsable de la garderie p\u00e9riscolaire V\u00e9ronique LECERF \u00e0 <a href=\"mailto:veroniquelecerf@ville-laventie.fr\">veronique.lecerf@laventie.fr<\/a><\/p>\n<p><img loading=\"lazy\" decoding=\"async\" class=\"size-full wp-image-1520 aligncenter\" src=\"https:\/\/laventie.fr\/wp-content\/uploads\/2016\/03\/separation.png\" alt=\"separation\" width=\"1000\" height=\"60\" \/><strong>La pause m\u00e9ridienne<\/strong><\/p>\n<p><a href=\"https:\/\/laventie.fr\/maisondesloisirs\/wp-content\/uploads\/2018\/08\/logo_P.M_6.png\" rel=\"attachment wp-att-2231\"><img loading=\"lazy\" decoding=\"async\" class=\"size-medium wp-image-2231 alignright\" src=\"https:\/\/laventie.fr\/maisondesloisirs\/wp-content\/uploads\/2018\/08\/logo_P.M_6-300x300.png\" alt=\"logo_P.M_6\" width=\"300\" height=\"300\" srcset=\"https:\/\/laventie.fr\/maisondesloisirs\/wp-content\/uploads\/2018\/08\/logo_P.M_6-300x300.png 300w, https:\/\/laventie.fr\/maisondesloisirs\/wp-content\/uploads\/2018\/08\/logo_P.M_6-150x150.png 150w, https:\/\/laventie.fr\/maisondesloisirs\/wp-content\/uploads\/2018\/08\/logo_P.M_6.png 600w\" sizes=\"(max-width: 300px) 100vw, 300px\" \/><\/a>Le temps du midi encadr\u00e9 par le personnel communal entre 11h30 et 13h30 est appel\u00e9 \u00ab pause m\u00e9ridienne \u00bb. Il comprend 2 phases bien distinctes : le repas et le temps libre qui suit.<\/p>\n<p>De plus en plus, la volont\u00e9 de la municipalit\u00e9 est de faire de ce moment charni\u00e8re dans une journ\u00e9e un temps d\u2019\u00e9ducation \u00e0 part enti\u00e8re, que ce soit au niveau du repas que de l\u2019apr\u00e8s-repas.<\/p>\n<p>Il s\u2019agit d\u2019un temps \u00e9ducatif compl\u00e9mentaire de celui de l\u2019\u00e9cole. Il consiste en la mise en place d\u2019activit\u00e9s encadr\u00e9es par nos agents. Les enfants inscrits au restaurant scolaire sont dirig\u00e9s automatiquement vers ces ateliers ludiques, culturels, sportifs et socio-\u00e9ducatifs. Il n\u2019y a pas de co\u00fbt suppl\u00e9mentaire imput\u00e9 aux familles.<\/p>\n<p>Le Projet p\u00e9dagogique de l\u2019Accueil de Loisirs p\u00e9riscolaire est en cours de r\u00e9alisation.<\/p>\n<p><img loading=\"lazy\" decoding=\"async\" class=\"size-full wp-image-1520 aligncenter\" src=\"https:\/\/laventie.fr\/wp-content\/uploads\/2016\/03\/separation.png\" alt=\"separation\" width=\"1000\" height=\"60\" \/><strong>Le restaurant scolaire<\/strong><\/p>\n<p><a href=\"https:\/\/laventie.fr\/maisondesloisirs\/wp-content\/uploads\/2020\/08\/20171013_151004.jpg\" rel=\"attachment wp-att-2229\"><img loading=\"lazy\" decoding=\"async\" class=\"wp-image-2891 size-medium alignright\" src=\"https:\/\/laventie.fr\/maisondesloisirs\/wp-content\/uploads\/2020\/08\/20171013_151004-300x192.jpg\" alt=\"\" width=\"300\" height=\"192\" srcset=\"https:\/\/laventie.fr\/maisondesloisirs\/wp-content\/uploads\/2020\/08\/20171013_151004-300x192.jpg 300w, https:\/\/laventie.fr\/maisondesloisirs\/wp-content\/uploads\/2020\/08\/20171013_151004-1024x655.jpg 1024w, https:\/\/laventie.fr\/maisondesloisirs\/wp-content\/uploads\/2020\/08\/20171013_151004-768x491.jpg 768w, https:\/\/laventie.fr\/maisondesloisirs\/wp-content\/uploads\/2020\/08\/20171013_151004-1536x982.jpg 1536w, https:\/\/laventie.fr\/maisondesloisirs\/wp-content\/uploads\/2020\/08\/20171013_151004.jpg 1600w\" sizes=\"(max-width: 300px) 100vw, 300px\" \/><\/a>Les repas sont fabriqu\u00e9s par la soci\u00e9t\u00e9 Lys Restauration qui livre chaque matin en liaison froide la cuisine de la cit\u00e9 scolaire.<\/p>\n<p>La s\u00e9curit\u00e9 alimentaire est une pr\u00e9occupation de tous les instants pour le prestataire de service comme pour le personnel communal.<\/p>\n<p>C\u2019est une cuisine familiale, les produits frais et bruts sont privil\u00e9gi\u00e9s pour la r\u00e9alisation de menus \u00e9quilibr\u00e9s et vari\u00e9s \u00e9tablis en collaboration avec une di\u00e9t\u00e9ticienne.<br \/>\nLes enfants scolaris\u00e9s en maternelle et primaires prennent leur repas en deux services, dans une ambiance plus calme.<\/p>\n<p>Le r\u00e8glement int\u00e9rieur des services p\u00e9riscolaires municipaux doit \u00eatre respect\u00e9 par tous. Vous pouvez le consulter en cliquant ci-dessous<\/p>\n<p><a href=\"https:\/\/laventie.fr\/maisondesloisirs\/wp-content\/uploads\/2025\/08\/Rappel-des-regles-de-vie-et-sanctions-.pdf\">R\u00e8glement int\u00e9rieur<\/a><\/p>\n<p>Pour contacter la responsable de la restauration scolaire :<\/p>\n<p>\u00c9crire \u00e0 Christelle QUEVAL : <a href=\"mailto:christellequeval@ville-laventie.fr\">christelle.queval@laventie.fr<\/a><\/p>\n<p><img loading=\"lazy\" decoding=\"async\" class=\"size-full wp-image-1520 aligncenter\" src=\"https:\/\/laventie.fr\/wp-content\/uploads\/2016\/03\/separation.png\" alt=\"separation\" width=\"1000\" height=\"60\" \/><\/p>\n<p><strong>\u00ab\u00a0Un temps d&rsquo;aide aux devoirs\u00a0\u00bb<br \/>\n<\/strong><\/p>\n<p><a href=\"https:\/\/laventie.fr\/maisondesloisirs\/wp-content\/uploads\/2020\/08\/offer_169752_picture_199498.jpg\" rel=\"attachment wp-att-2230\"><img loading=\"lazy\" decoding=\"async\" class=\"wp-image-2895  alignright\" src=\"https:\/\/laventie.fr\/maisondesloisirs\/wp-content\/uploads\/2020\/08\/offer_169752_picture_199498.jpg\" alt=\"\" width=\"256\" height=\"256\" srcset=\"https:\/\/laventie.fr\/maisondesloisirs\/wp-content\/uploads\/2020\/08\/offer_169752_picture_199498.jpg 300w, https:\/\/laventie.fr\/maisondesloisirs\/wp-content\/uploads\/2020\/08\/offer_169752_picture_199498-150x150.jpg 150w\" sizes=\"(max-width: 256px) 100vw, 256px\" \/><\/a>Un \u00ab temps d\u2019aide aux devoirs \u00bb de 16h30 \u00e0 17h30 o\u00f9 :<\/p>\n<p><strong><u>Les enfants ne pourront \u00eatre repris qu\u2019\u00e0 17h30<\/u><\/strong> (pas de sortie \u00e9chelonn\u00e9e).<\/p>\n<p>Ce temps permettra d\u2019optimiser la concentration des enfants pour les devoirs. A partir de 17h30, il vous sera possible de r\u00e9cup\u00e9rer les enfants de mani\u00e8re \u00e9chelonn\u00e9e, selon vos besoins (comme un service de garderie classique). Au-del\u00e0 de 17h30, les enfants qui n\u2019auront pas termin\u00e9 leurs devoirs pourront continuer ou pas selon votre choix.<\/p>\n<p>Pour inscrire votre enfant au service choisi, il vous suffit de passer par le portail famille comme vous en avez l\u2019habitude. 2 propositions seront affich\u00e9es \u00ab garderie du soir \u00e9l\u00e9mentaire \u00bb ou \u00ab aide aux devoirs \u00bb. A vous de choisir !<\/p>\n<p>Vous pouvez par exemple choisir le Lundi, Jeudi : \u00ab AIDE AUX DEVOIRS \u00bb et le Mardi, Vendredi : \u00ab GARDERIE DU SOIR ELEMENTAIRE \u00bb<\/p>\n<p>Tous les jours apr\u00e8s la classe, les enfants du CP au CM2 sont pris en charge par le personnel communal pour une \u00e9tude scolaire de 16h30 jusqu\u2019\u00e0 18h30 maximum. Le d\u00e9part des enfants peut s\u2019effectuer de mani\u00e8re \u00e9chelonn\u00e9e \u00e0 partir de 17h30.<\/p>\n<p>Les enfants font leurs devoirs, r\u00e9visent leurs le\u00e7ons pour le lendemain, s\u2019avancent pour les jours suivants. Le personnel communal s\u2019assure que les exercices sont faits (et bien faits !)<\/p>\n<p>\u00c9crire \u00e0 V\u00e9ronique LECERF : <a href=\"mailto:veronique.lecerf@laventie.fr\">veronique.lecerf@laventie.fr<\/a><\/p>\n<p>LES TARIFS sont calcul\u00e9s \u00e0 la 1\/2 hr d\u00e8s l&rsquo;ouverture des services. 7h-7h30 7h30-8h 8h-8h30 &#8211; 16h30-17h &#8211; 17h-17h30-17h30-18h-18h30.<\/p>\n<p>Toute demi-heure entam\u00e9e est d\u00fbe.<\/p>\n<p>au 1er septembre 2025<\/p>\n<p><a href=\"https:\/\/laventie.fr\/maisondesloisirs\/wp-content\/uploads\/2024\/05\/tarifs-services-peri.png\"><img loading=\"lazy\" decoding=\"async\" class=\"wp-image-4414 size-large aligncenter\" src=\"https:\/\/laventie.fr\/maisondesloisirs\/wp-content\/uploads\/2024\/05\/tarifs-services-peri-1024x592.png\" alt=\"\" width=\"768\" height=\"444\" srcset=\"https:\/\/laventie.fr\/maisondesloisirs\/wp-content\/uploads\/2024\/05\/tarifs-services-peri-1024x592.png 1024w, https:\/\/laventie.fr\/maisondesloisirs\/wp-content\/uploads\/2024\/05\/tarifs-services-peri-300x173.png 300w, https:\/\/laventie.fr\/maisondesloisirs\/wp-content\/uploads\/2024\/05\/tarifs-services-peri-768x444.png 768w, https:\/\/laventie.fr\/maisondesloisirs\/wp-content\/uploads\/2024\/05\/tarifs-services-peri.png 1273w\" sizes=\"(max-width: 768px) 100vw, 768px\" \/><\/a><\/p>\n<p><a href=\"https:\/\/laventie.fr\/maisondesloisirs\/wp-content\/uploads\/2025\/08\/date-prelevements.jpg\"><img loading=\"lazy\" decoding=\"async\" class=\"aligncenter wp-image-4788 size-full\" src=\"https:\/\/laventie.fr\/maisondesloisirs\/wp-content\/uploads\/2025\/08\/date-prelevements.jpg\" alt=\"\" width=\"912\" height=\"613\" srcset=\"https:\/\/laventie.fr\/maisondesloisirs\/wp-content\/uploads\/2025\/08\/date-prelevements.jpg 912w, https:\/\/laventie.fr\/maisondesloisirs\/wp-content\/uploads\/2025\/08\/date-prelevements-300x202.jpg 300w, https:\/\/laventie.fr\/maisondesloisirs\/wp-content\/uploads\/2025\/08\/date-prelevements-768x516.jpg 768w\" sizes=\"(max-width: 912px) 100vw, 912px\" \/><\/a><\/p>\n<p><img loading=\"lazy\" decoding=\"async\" class=\"size-full wp-image-1520 aligncenter\" src=\"https:\/\/laventie.fr\/wp-content\/uploads\/2016\/03\/separation.png\" alt=\"separation\" width=\"1000\" height=\"60\" \/><strong>Le service minimum d\u2019accueil<\/strong><\/p>\n<p><a href=\"https:\/\/laventie.fr\/maisondesloisirs\/wp-content\/uploads\/2018\/08\/serviceminimumdaccueil.jpg\" rel=\"attachment wp-att-2232\"><img loading=\"lazy\" decoding=\"async\" class=\"size-full wp-image-2232 alignright\" src=\"https:\/\/laventie.fr\/maisondesloisirs\/wp-content\/uploads\/2018\/08\/serviceminimumdaccueil.jpg\" alt=\"serviceminimumd'accueil\" width=\"200\" height=\"144\" \/><\/a>Le service minimum d\u2019accueil est pr\u00e9vu par le l\u00e9gislateur pour les enfants des \u00e9coles publiques en cas de gr\u00e8ve du personnel enseignant (s\u2019il y a plus de 25% de gr\u00e9vistes au sein de l&rsquo;\u00e9cole).<\/p>\n<p>Ce cas de figure est pr\u00e9vu par la ville de Laventie qui met en place syst\u00e9matiquement ce service gratuit dans les locaux de la Cit\u00e9 scolaire Henri Puchois. Des animatrices dipl\u00f4m\u00e9es, exp\u00e9riment\u00e9s et comp\u00e9tentes mettent alors en place des activit\u00e9s vari\u00e9es aux horaires d\u2019\u00e9cole habituels. Une information est transmise aux familles, le coupon-r\u00e9ponse confirmant ou non la pr\u00e9sence de l&rsquo;enfant doit \u00eatre rendu au plus tard la veille avant midi.<\/p>\n<p>Pour des questions sur la mise en place du service minimum d\u2019accueil :<\/p>\n<p>\u00c9crire \u00e0 V\u00e9ronique LECERF : <a href=\"mailto:veronique.lecerf@laventie.fr\">veronique.lecerf@laventie.fr<\/a><\/p>\n<p><img loading=\"lazy\" decoding=\"async\" class=\"size-full wp-image-1520 aligncenter\" src=\"https:\/\/laventie.fr\/wp-content\/uploads\/2016\/03\/separation.png\" alt=\"separation\" width=\"1000\" height=\"60\" \/><strong>Mise \u00e0 disposition des ATSEM<\/strong><\/p>\n<p>La municipalit\u00e9, soucieuse d\u2019offrir aux enfants et \u00e0 leurs enseignants les meilleures conditions de travail d\u00e8s le plus jeune \u00e2ge, met \u00e0 disposition de l\u2019Ecole maternelle Henri Puchois des agents municipaux, les ATSEM (agents territoriaux sp\u00e9cialis\u00e9s d&rsquo;\u00e9cole maternelle).<\/p>\n<p>Ceux-ci assistent dans chaque classe le professeur des \u00e9coles pour la r\u00e9ception, l&rsquo;animation et l&rsquo;hygi\u00e8ne des tr\u00e8s jeunes enfants. Ils pr\u00e9parent et mettent en \u00e9tat de propret\u00e9 les locaux et le mat\u00e9riel servant directement \u00e0 ces enfants. Ils participent \u00e9galement activement \u00e0 la communaut\u00e9 \u00e9ducative.<\/p>\n<\/div>\n<p><strong><em>A bient\u00f4t !<\/em><\/strong><\/p>\n<p><a href=\"http:\/\/laventie.fr\/maisondesloisirs\/category\/lesatelierstheatre\/\"><img loading=\"lazy\" decoding=\"async\" class=\"aligncenter\" src=\"http:\/\/laventie.fr\/wp-content\/uploads\/2016\/03\/fleche.jpg\" alt=\"\" width=\"1153\" height=\"202\" \/><\/a><\/p>\n","protected":false},"excerpt":{"rendered":"","protected":false},"author":1,"featured_media":2136,"parent":942,"menu_order":0,"comment_status":"closed","ping_status":"closed","template":"","meta":{"footnotes":"","_mc_calendar":[]},"yoast_head":"<!-- This site is optimized with the Yoast SEO plugin v14.9 - https:\/\/yoast.com\/wordpress\/plugins\/seo\/ -->\n<title>Accueil p\u00e9riscolaire - P\u00f4le jeunesse<\/title>\n<meta name=\"robots\" content=\"index, follow, max-snippet:-1, max-image-preview:large, max-video-preview:-1\" \/>\n<link rel=\"canonical\" href=\"https:\/\/laventie.fr\/maisondesloisirs\/services-periscolaires-municipaux\/accueil-periscolaire\/\" \/>\n<meta property=\"og:locale\" content=\"fr_FR\" \/>\n<meta property=\"og:type\" content=\"article\" \/>\n<meta property=\"og:title\" content=\"Accueil p\u00e9riscolaire - P\u00f4le jeunesse\" \/>\n<meta property=\"og:url\" content=\"https:\/\/laventie.fr\/maisondesloisirs\/services-periscolaires-municipaux\/accueil-periscolaire\/\" \/>\n<meta property=\"og:site_name\" content=\"P\u00f4le jeunesse\" \/>\n<meta property=\"article:modified_time\" content=\"2025-10-21T10:17:45+00:00\" \/>\n<meta property=\"og:image\" content=\"https:\/\/laventie.fr\/maisondesloisirs\/wp-content\/uploads\/2018\/08\/Sans-titre-2.jpg\" \/>\n\t<meta property=\"og:image:width\" content=\"1024\" \/>\n\t<meta property=\"og:image:height\" content=\"680\" \/>\n<meta name=\"twitter:card\" content=\"summary_large_image\" \/>\n<script type=\"application\/ld+json\" class=\"yoast-schema-graph\">{\"@context\":\"https:\/\/schema.org\",\"@graph\":[{\"@type\":\"WebSite\",\"@id\":\"https:\/\/laventie.fr\/maisondesloisirs\/#website\",\"url\":\"https:\/\/laventie.fr\/maisondesloisirs\/\",\"name\":\"P\\u00f4le jeunesse\",\"description\":\"\",\"potentialAction\":[{\"@type\":\"SearchAction\",\"target\":\"https:\/\/laventie.fr\/maisondesloisirs\/?s={search_term_string}\",\"query-input\":\"required name=search_term_string\"}],\"inLanguage\":\"fr-FR\"},{\"@type\":\"ImageObject\",\"@id\":\"https:\/\/laventie.fr\/maisondesloisirs\/services-periscolaires-municipaux\/accueil-periscolaire\/#primaryimage\",\"inLanguage\":\"fr-FR\",\"url\":\"https:\/\/laventie.fr\/maisondesloisirs\/wp-content\/uploads\/2018\/08\/Sans-titre-2.jpg\",\"width\":1024,\"height\":680},{\"@type\":\"WebPage\",\"@id\":\"https:\/\/laventie.fr\/maisondesloisirs\/services-periscolaires-municipaux\/accueil-periscolaire\/#webpage\",\"url\":\"https:\/\/laventie.fr\/maisondesloisirs\/services-periscolaires-municipaux\/accueil-periscolaire\/\",\"name\":\"Accueil p\\u00e9riscolaire - P\\u00f4le jeunesse\",\"isPartOf\":{\"@id\":\"https:\/\/laventie.fr\/maisondesloisirs\/#website\"},\"primaryImageOfPage\":{\"@id\":\"https:\/\/laventie.fr\/maisondesloisirs\/services-periscolaires-municipaux\/accueil-periscolaire\/#primaryimage\"},\"datePublished\":\"2023-08-21T08:13:00+00:00\",\"dateModified\":\"2025-10-21T10:17:45+00:00\",\"inLanguage\":\"fr-FR\",\"potentialAction\":[{\"@type\":\"ReadAction\",\"target\":[\"https:\/\/laventie.fr\/maisondesloisirs\/services-periscolaires-municipaux\/accueil-periscolaire\/\"]}]}]}<\/script>\n<!-- \/ Yoast SEO plugin. -->","_links":{"self":[{"href":"https:\/\/laventie.fr\/maisondesloisirs\/wp-json\/wp\/v2\/pages\/25"}],"collection":[{"href":"https:\/\/laventie.fr\/maisondesloisirs\/wp-json\/wp\/v2\/pages"}],"about":[{"href":"https:\/\/laventie.fr\/maisondesloisirs\/wp-json\/wp\/v2\/types\/page"}],"author":[{"embeddable":true,"href":"https:\/\/laventie.fr\/maisondesloisirs\/wp-json\/wp\/v2\/users\/1"}],"replies":[{"embeddable":true,"href":"https:\/\/laventie.fr\/maisondesloisirs\/wp-json\/wp\/v2\/comments?post=25"}],"version-history":[{"count":77,"href":"https:\/\/laventie.fr\/maisondesloisirs\/wp-json\/wp\/v2\/pages\/25\/revisions"}],"predecessor-version":[{"id":4880,"href":"https:\/\/laventie.fr\/maisondesloisirs\/wp-json\/wp\/v2\/pages\/25\/revisions\/4880"}],"up":[{"embeddable":true,"href":"https:\/\/laventie.fr\/maisondesloisirs\/wp-json\/wp\/v2\/pages\/942"}],"wp:featuredmedia":[{"embeddable":true,"href":"https:\/\/laventie.fr\/maisondesloisirs\/wp-json\/wp\/v2\/media\/2136"}],"wp:attachment":[{"href":"https:\/\/laventie.fr\/maisondesloisirs\/wp-json\/wp\/v2\/media?parent=25"}],"curies":[{"name":"wp","href":"https:\/\/api.w.org\/{rel}","templated":true}]}}