{"id":23,"date":"2021-09-25T07:13:00","date_gmt":"2021-09-25T05:13:00","guid":{"rendered":"http:\/\/laventie.esy.es\/maisondesloisirs\/?page_id=23"},"modified":"2026-03-09T15:37:51","modified_gmt":"2026-03-09T14:37:51","slug":"les-mercredis-recreatifs","status":"publish","type":"page","link":"https:\/\/laventie.fr\/maisondesloisirs\/les-mercredis-recreatifs\/","title":{"rendered":"Les mercredis r\u00e9cr\u00e9atifs"},"content":{"rendered":"\n<!--more-->\n\n\n\n<p class=\"has-vivid-cyan-blue-color has-text-color has-link-color wp-elements-888119c2c8764779ff88d72c47a6f3f4\">Dans le cadre du projet \u00e9ducatif territorial (PEDT), nous organisons des projets lors des matin\u00e9es des mercredis r\u00e9cr\u00e9atifs. Ces projets permettent la mise en place d&rsquo;activit\u00e9s participatives qui favorisent l&rsquo;implication des enfants.<\/p>\n\n\n\n<p class=\"has-vivid-cyan-blue-color has-text-color has-link-color wp-elements-4257cd72b94aca20e3ee40e358aab61b\">Cette ann\u00e9e, nous avons d\u00e9cid\u00e9 de travailler sur six projets diff\u00e9rents qui touchent diff\u00e9rents domaines d\u2019activit\u00e9s&nbsp;: <em>Petites B\u00eates et Phasmes<\/em>, <em>Grande F\u00eate du Cirque<\/em>, <em>D\u00e9couvre l\u2019art<\/em>, <em>D\u00e9core ta ville<\/em>, <em>&nbsp;S\u00e9curit\u00e9 Routi\u00e8re et Savoir Rouler<\/em>, <em>Jardinage<\/em>.<\/p>\n\n\n\n<p>Les inscriptions se font \u00e0 la demi-journ\u00e9e ou \u00e0 la journ\u00e9e avec ou sans repas au plus tard le jeudi avant 18h30 pour le mercredi suivant.<\/p>\n\n\n\n<p>Retrouvez ci-dessous les informations pratiques :<\/p>\n\n\n\n<p><a href=\"https:\/\/laventie.fr\/maisondesloisirs\/wp-content\/uploads\/2026\/02\/MENUS-MARS-AVRIL-26.pdf\">MENUS DU 2 MARS AU 3 AVRIL 2026<\/a><\/p>\n\n\n\n<p><a href=\"https:\/\/laventie.fr\/maisondesloisirs\/wp-content\/uploads\/2026\/03\/planning-mars_avril.pdf\">PLANNINGS MARS &#8211; AVRIL 2026<\/a><\/p>\n\n\n\n<p>Les tarifs (bas\u00e9s selon le QF CAF)<\/p>\n\n\n\n<figure class=\"wp-block-image size-large\"><a href=\"https:\/\/laventie.fr\/maisondesloisirs\/wp-content\/uploads\/2025\/08\/image.png\"><img loading=\"lazy\" decoding=\"async\" width=\"1024\" height=\"333\" src=\"https:\/\/laventie.fr\/maisondesloisirs\/wp-content\/uploads\/2025\/08\/image-1024x333.png\" alt=\"\" class=\"wp-image-4773\" srcset=\"https:\/\/laventie.fr\/maisondesloisirs\/wp-content\/uploads\/2025\/08\/image-1024x333.png 1024w, https:\/\/laventie.fr\/maisondesloisirs\/wp-content\/uploads\/2025\/08\/image-300x97.png 300w, https:\/\/laventie.fr\/maisondesloisirs\/wp-content\/uploads\/2025\/08\/image-768x249.png 768w, https:\/\/laventie.fr\/maisondesloisirs\/wp-content\/uploads\/2025\/08\/image.png 1056w\" sizes=\"(max-width: 1024px) 100vw, 1024px\" \/><\/a><\/figure>\n\n\n\n<div class=\"wp-block-group is-layout-constrained wp-block-group-is-layout-constrained\"><div class=\"wp-block-group__inner-container\">\n<div class=\"wp-block-columns is-layout-flex wp-container-core-columns-layout-1 wp-block-columns-is-layout-flex\">\n<div class=\"wp-block-column is-layout-flow wp-block-column-is-layout-flow\" style=\"flex-basis:100%\">\n<figure class=\"wp-block-gallery aligncenter has-nested-images columns-default is-cropped wp-block-gallery-1 is-layout-flex wp-block-gallery-is-layout-flex\">\n<figure class=\"wp-block-image size-large\"><a href=\"https:\/\/laventie.fr\/maisondesloisirs\/wp-content\/uploads\/2025\/09\/491189456_4205436213113715_8716138837549889652_n.jpg\"><img loading=\"lazy\" decoding=\"async\" width=\"768\" height=\"1024\" src=\"https:\/\/laventie.fr\/maisondesloisirs\/wp-content\/uploads\/2025\/09\/491189456_4205436213113715_8716138837549889652_n-768x1024.jpg\" alt=\"\" class=\"wp-image-4826\" srcset=\"https:\/\/laventie.fr\/maisondesloisirs\/wp-content\/uploads\/2025\/09\/491189456_4205436213113715_8716138837549889652_n-768x1024.jpg 768w, https:\/\/laventie.fr\/maisondesloisirs\/wp-content\/uploads\/2025\/09\/491189456_4205436213113715_8716138837549889652_n-225x300.jpg 225w, https:\/\/laventie.fr\/maisondesloisirs\/wp-content\/uploads\/2025\/09\/491189456_4205436213113715_8716138837549889652_n-1152x1536.jpg 1152w, https:\/\/laventie.fr\/maisondesloisirs\/wp-content\/uploads\/2025\/09\/491189456_4205436213113715_8716138837549889652_n.jpg 1500w\" sizes=\"(max-width: 768px) 100vw, 768px\" \/><\/a><\/figure>\n<\/figure>\n<\/div>\n<\/div>\n<\/div><\/div>\n\n\n\n<div class=\"wp-block-group is-layout-constrained wp-block-group-is-layout-constrained\"><div class=\"wp-block-group__inner-container\">\n<div class=\"wp-block-columns is-layout-flex wp-container-core-columns-layout-3 wp-block-columns-is-layout-flex\">\n<div class=\"wp-block-column is-layout-flow wp-block-column-is-layout-flow\" style=\"flex-basis:100%\">\n<div class=\"wp-block-group is-nowrap is-layout-flex wp-container-core-group-layout-2 wp-block-group-is-layout-flex\">\n<div class=\"wp-block-columns is-layout-flex wp-container-core-columns-layout-2 wp-block-columns-is-layout-flex\">\n<div class=\"wp-block-column is-layout-flow wp-block-column-is-layout-flow\" style=\"flex-basis:100%\">\n<figure class=\"wp-block-gallery aligncenter has-nested-images columns-default is-cropped wp-block-gallery-2 is-layout-flex wp-block-gallery-is-layout-flex\">\n<figure class=\"wp-block-image size-large is-style-default\"><img loading=\"lazy\" decoding=\"async\" width=\"1024\" height=\"768\" src=\"https:\/\/laventie.fr\/maisondesloisirs\/wp-content\/uploads\/2025\/09\/505463685_1581897909393521_1188582989959418074_n-1024x768.jpg\" alt=\"\" class=\"wp-image-4827\" srcset=\"https:\/\/laventie.fr\/maisondesloisirs\/wp-content\/uploads\/2025\/09\/505463685_1581897909393521_1188582989959418074_n-1024x768.jpg 1024w, https:\/\/laventie.fr\/maisondesloisirs\/wp-content\/uploads\/2025\/09\/505463685_1581897909393521_1188582989959418074_n-300x225.jpg 300w, https:\/\/laventie.fr\/maisondesloisirs\/wp-content\/uploads\/2025\/09\/505463685_1581897909393521_1188582989959418074_n-768x576.jpg 768w, https:\/\/laventie.fr\/maisondesloisirs\/wp-content\/uploads\/2025\/09\/505463685_1581897909393521_1188582989959418074_n-1536x1152.jpg 1536w, https:\/\/laventie.fr\/maisondesloisirs\/wp-content\/uploads\/2025\/09\/505463685_1581897909393521_1188582989959418074_n.jpg 2000w\" sizes=\"(max-width: 1024px) 100vw, 1024px\" \/><\/figure>\n<\/figure>\n<\/div>\n<\/div>\n<\/div>\n<\/div>\n<\/div>\n<\/div><\/div>\n\n\n\n<figure class=\"wp-block-image size-large\"><a href=\"https:\/\/laventie.fr\/maisondesloisirs\/wp-content\/uploads\/2025\/09\/PHOTO-2025-03-06-09-25-54-1.jpg\"><img loading=\"lazy\" decoding=\"async\" width=\"768\" height=\"1024\" src=\"https:\/\/laventie.fr\/maisondesloisirs\/wp-content\/uploads\/2025\/09\/PHOTO-2025-03-06-09-25-54-1-768x1024.jpg\" alt=\"\" class=\"wp-image-4828\" srcset=\"https:\/\/laventie.fr\/maisondesloisirs\/wp-content\/uploads\/2025\/09\/PHOTO-2025-03-06-09-25-54-1-768x1024.jpg 768w, https:\/\/laventie.fr\/maisondesloisirs\/wp-content\/uploads\/2025\/09\/PHOTO-2025-03-06-09-25-54-1-225x300.jpg 225w, https:\/\/laventie.fr\/maisondesloisirs\/wp-content\/uploads\/2025\/09\/PHOTO-2025-03-06-09-25-54-1-1152x1536.jpg 1152w, https:\/\/laventie.fr\/maisondesloisirs\/wp-content\/uploads\/2025\/09\/PHOTO-2025-03-06-09-25-54-1.jpg 1536w\" sizes=\"(max-width: 768px) 100vw, 768px\" \/><\/a><\/figure>\n","protected":false},"excerpt":{"rendered":"","protected":false},"author":1,"featured_media":2134,"parent":0,"menu_order":0,"comment_status":"closed","ping_status":"closed","template":"","meta":{"footnotes":"","_mc_calendar":[]},"yoast_head":"<!-- This site is optimized with the Yoast SEO plugin v14.9 - https:\/\/yoast.com\/wordpress\/plugins\/seo\/ -->\n<title>Les mercredis r\u00e9cr\u00e9atifs - P\u00f4le jeunesse<\/title>\n<meta name=\"robots\" content=\"index, follow, max-snippet:-1, max-image-preview:large, max-video-preview:-1\" \/>\n<link rel=\"canonical\" href=\"https:\/\/laventie.fr\/maisondesloisirs\/les-mercredis-recreatifs\/\" \/>\n<meta property=\"og:locale\" content=\"fr_FR\" \/>\n<meta property=\"og:type\" content=\"article\" \/>\n<meta property=\"og:title\" content=\"Les mercredis r\u00e9cr\u00e9atifs - P\u00f4le jeunesse\" \/>\n<meta property=\"og:url\" content=\"https:\/\/laventie.fr\/maisondesloisirs\/les-mercredis-recreatifs\/\" \/>\n<meta property=\"og:site_name\" content=\"P\u00f4le jeunesse\" \/>\n<meta property=\"article:modified_time\" content=\"2026-03-09T14:37:51+00:00\" \/>\n<meta property=\"og:image\" content=\"https:\/\/laventie.fr\/maisondesloisirs\/wp-content\/uploads\/2017\/05\/Sans-titre-1-2.jpg\" \/>\n\t<meta property=\"og:image:width\" content=\"1024\" \/>\n\t<meta property=\"og:image:height\" content=\"680\" \/>\n<meta name=\"twitter:card\" content=\"summary_large_image\" \/>\n<script type=\"application\/ld+json\" class=\"yoast-schema-graph\">{\"@context\":\"https:\/\/schema.org\",\"@graph\":[{\"@type\":\"WebSite\",\"@id\":\"https:\/\/laventie.fr\/maisondesloisirs\/#website\",\"url\":\"https:\/\/laventie.fr\/maisondesloisirs\/\",\"name\":\"P\\u00f4le jeunesse\",\"description\":\"\",\"potentialAction\":[{\"@type\":\"SearchAction\",\"target\":\"https:\/\/laventie.fr\/maisondesloisirs\/?s={search_term_string}\",\"query-input\":\"required name=search_term_string\"}],\"inLanguage\":\"fr-FR\"},{\"@type\":\"ImageObject\",\"@id\":\"https:\/\/laventie.fr\/maisondesloisirs\/les-mercredis-recreatifs\/#primaryimage\",\"inLanguage\":\"fr-FR\",\"url\":\"https:\/\/laventie.fr\/maisondesloisirs\/wp-content\/uploads\/2017\/05\/Sans-titre-1-2.jpg\",\"width\":1024,\"height\":680},{\"@type\":\"WebPage\",\"@id\":\"https:\/\/laventie.fr\/maisondesloisirs\/les-mercredis-recreatifs\/#webpage\",\"url\":\"https:\/\/laventie.fr\/maisondesloisirs\/les-mercredis-recreatifs\/\",\"name\":\"Les mercredis r\\u00e9cr\\u00e9atifs - P\\u00f4le jeunesse\",\"isPartOf\":{\"@id\":\"https:\/\/laventie.fr\/maisondesloisirs\/#website\"},\"primaryImageOfPage\":{\"@id\":\"https:\/\/laventie.fr\/maisondesloisirs\/les-mercredis-recreatifs\/#primaryimage\"},\"datePublished\":\"2021-09-25T05:13:00+00:00\",\"dateModified\":\"2026-03-09T14:37:51+00:00\",\"inLanguage\":\"fr-FR\",\"potentialAction\":[{\"@type\":\"ReadAction\",\"target\":[\"https:\/\/laventie.fr\/maisondesloisirs\/les-mercredis-recreatifs\/\"]}]}]}<\/script>\n<!-- \/ Yoast SEO plugin. -->","_links":{"self":[{"href":"https:\/\/laventie.fr\/maisondesloisirs\/wp-json\/wp\/v2\/pages\/23"}],"collection":[{"href":"https:\/\/laventie.fr\/maisondesloisirs\/wp-json\/wp\/v2\/pages"}],"about":[{"href":"https:\/\/laventie.fr\/maisondesloisirs\/wp-json\/wp\/v2\/types\/page"}],"author":[{"embeddable":true,"href":"https:\/\/laventie.fr\/maisondesloisirs\/wp-json\/wp\/v2\/users\/1"}],"replies":[{"embeddable":true,"href":"https:\/\/laventie.fr\/maisondesloisirs\/wp-json\/wp\/v2\/comments?post=23"}],"version-history":[{"count":108,"href":"https:\/\/laventie.fr\/maisondesloisirs\/wp-json\/wp\/v2\/pages\/23\/revisions"}],"predecessor-version":[{"id":5042,"href":"https:\/\/laventie.fr\/maisondesloisirs\/wp-json\/wp\/v2\/pages\/23\/revisions\/5042"}],"wp:featuredmedia":[{"embeddable":true,"href":"https:\/\/laventie.fr\/maisondesloisirs\/wp-json\/wp\/v2\/media\/2134"}],"wp:attachment":[{"href":"https:\/\/laventie.fr\/maisondesloisirs\/wp-json\/wp\/v2\/media?parent=23"}],"curies":[{"name":"wp","href":"https:\/\/api.w.org\/{rel}","templated":true}]}}